{"id":129,"date":"2024-03-14T15:04:09","date_gmt":"2024-03-14T15:04:09","guid":{"rendered":"https:\/\/am-schloss.de\/?page_id=129"},"modified":"2024-08-29T11:25:06","modified_gmt":"2024-08-29T11:25:06","slug":"zimmer-einzelzimmer","status":"publish","type":"page","link":"https:\/\/am-schloss.de\/en\/hotel\/zimmer-einzelzimmer\/","title":{"rendered":"Zimmer &#8211; Einzelbett"},"content":{"rendered":"<div data-elementor-type=\"wp-page\" data-elementor-id=\"129\" class=\"elementor elementor-129\" data-elementor-post-type=\"page\">\n\t\t\t\t<div class=\"elementor-element elementor-element-14b1797a e-flex e-con-boxed e-con e-parent\" data-id=\"14b1797a\" data-element_type=\"container\" data-e-type=\"container\" data-settings=\"{&quot;background_background&quot;:&quot;classic&quot;}\">\n\t\t\t\t\t<div class=\"e-con-inner\">\n\t\t\t\t<div class=\"elementor-element elementor-element-31257a56 elementor-widget elementor-widget-heading\" data-id=\"31257a56\" data-element_type=\"widget\" data-e-type=\"widget\" data-widget_type=\"heading.default\">\n\t\t\t\t<div class=\"elementor-widget-container\">\n\t\t\t\t\t<div class=\"elementor-heading-title elementor-size-default\">The classic feel-good base.<\/div>\t\t\t\t<\/div>\n\t\t\t\t<\/div>\n\t\t\t\t<div class=\"elementor-element elementor-element-3aa6b4f6 elementor-widget elementor-widget-heading\" data-id=\"3aa6b4f6\" data-element_type=\"widget\" data-e-type=\"widget\" data-widget_type=\"heading.default\">\n\t\t\t\t<div class=\"elementor-widget-container\">\n\t\t\t\t\t<h2 class=\"elementor-heading-title elementor-size-default\">Single Room Smart <\/h2>\t\t\t\t<\/div>\n\t\t\t\t<\/div>\n\t\t\t\t<div class=\"elementor-element elementor-element-182aeeb elementor-icon-list--layout-inline elementor-widget__width-initial elementor-list-item-link-full_width elementor-widget elementor-widget-icon-list\" data-id=\"182aeeb\" data-element_type=\"widget\" data-e-type=\"widget\" data-widget_type=\"icon-list.default\">\n\t\t\t\t<div class=\"elementor-widget-container\">\n\t\t\t\t\t\t\t<ul class=\"elementor-icon-list-items elementor-inline-items\">\n\t\t\t\t\t\t\t<li class=\"elementor-icon-list-item elementor-inline-item\">\n\t\t\t\t\t\t\t\t\t\t\t<span class=\"elementor-icon-list-icon\">\n\t\t\t\t\t\t\t<svg aria-hidden=\"true\" class=\"e-font-icon-svg e-far-user\" viewbox=\"0 0 448 512\" xmlns=\"http:\/\/www.w3.org\/2000\/svg\"><path d=\"M313.6 304c-28.7 0-42.5 16-89.6 16-47.1 0-60.8-16-89.6-16C60.2 304 0 364.2 0 438.4V464c0 26.5 21.5 48 48 48h352c26.5 0 48-21.5 48-48v-25.6c0-74.2-60.2-134.4-134.4-134.4zM400 464H48v-25.6c0-47.6 38.8-86.4 86.4-86.4 14.6 0 38.3 16 89.6 16 51.7 0 74.9-16 89.6-16 47.6 0 86.4 38.8 86.4 86.4V464zM224 288c79.5 0 144-64.5 144-144S303.5 0 224 0 80 64.5 80 144s64.5 144 144 144zm0-240c52.9 0 96 43.1 96 96s-43.1 96-96 96-96-43.1-96-96 43.1-96 96-96z\"><\/path><\/svg>\t\t\t\t\t\t<\/span>\n\t\t\t\t\t\t\t\t\t\t<span class=\"elementor-icon-list-text\">1 Person<\/span>\n\t\t\t\t\t\t\t\t\t<\/li>\n\t\t\t\t\t\t\t\t<li class=\"elementor-icon-list-item elementor-inline-item\">\n\t\t\t\t\t\t\t\t\t\t\t<span class=\"elementor-icon-list-icon\">\n\t\t\t\t\t\t\t<svg aria-hidden=\"true\" class=\"e-font-icon-svg e-fas-arrows-alt-h\" viewbox=\"0 0 512 512\" xmlns=\"http:\/\/www.w3.org\/2000\/svg\"><path d=\"M377.941 169.941V216H134.059v-46.059c0-21.382-25.851-32.09-40.971-16.971L7.029 239.029c-9.373 9.373-9.373 24.568 0 33.941l86.059 86.059c15.119 15.119 40.971 4.411 40.971-16.971V296h243.882v46.059c0 21.382 25.851 32.09 40.971 16.971l86.059-86.059c9.373-9.373 9.373-24.568 0-33.941l-86.059-86.059c-15.119-15.12-40.971-4.412-40.971 16.97z\"><\/path><\/svg>\t\t\t\t\t\t<\/span>\n\t\t\t\t\t\t\t\t\t\t<span class=\"elementor-icon-list-text\">Approx. 17 - 20 sqm<\/span>\n\t\t\t\t\t\t\t\t\t<\/li>\n\t\t\t\t\t\t\t\t<li class=\"elementor-icon-list-item elementor-inline-item\">\n\t\t\t\t\t\t\t\t\t\t\t<span class=\"elementor-icon-list-icon\">\n\t\t\t\t\t\t\t<svg aria-hidden=\"true\" class=\"e-font-icon-svg e-fas-check\" viewbox=\"0 0 512 512\" xmlns=\"http:\/\/www.w3.org\/2000\/svg\"><path d=\"M173.898 439.404l-166.4-166.4c-9.997-9.997-9.997-26.206 0-36.204l36.203-36.204c9.997-9.998 26.207-9.998 36.204 0L192 312.69 432.095 72.596c9.997-9.997 26.207-9.997 36.204 0l36.203 36.204c9.997 9.997 9.997 26.206 0 36.204l-294.4 294.401c-9.998 9.997-26.207 9.997-36.204-.001z\"><\/path><\/svg>\t\t\t\t\t\t<\/span>\n\t\t\t\t\t\t\t\t\t\t<span class=\"elementor-icon-list-text\">Ideal f\u00fcr Singles<\/span>\n\t\t\t\t\t\t\t\t\t<\/li>\n\t\t\t\t\t\t<\/ul>\n\t\t\t\t\t\t<\/div>\n\t\t\t\t<\/div>\n\t\t\t\t\t<\/div>\n\t\t\t\t<\/div>\n\t\t<div class=\"elementor-element elementor-element-217bb357 e-flex e-con-boxed e-con e-parent\" data-id=\"217bb357\" data-element_type=\"container\" data-e-type=\"container\">\n\t\t\t\t\t<div class=\"e-con-inner\">\n\t\t<div class=\"elementor-element elementor-element-5fb1ca90 e-con-full e-flex e-con e-child\" data-id=\"5fb1ca90\" data-element_type=\"container\" data-e-type=\"container\">\n\t\t\t\t<div class=\"elementor-element elementor-element-8866d14 elementor-widget elementor-widget-image\" data-id=\"8866d14\" data-element_type=\"widget\" data-e-type=\"widget\" data-widget_type=\"image.default\">\n\t\t\t\t<div class=\"elementor-widget-container\">\n\t\t\t\t\t\t\t\t\t\t\t\t\t\t\t<img fetchpriority=\"high\" decoding=\"async\" width=\"2560\" height=\"1270\" src=\"https:\/\/am-schloss.de\/wp-content\/uploads\/2024\/04\/Zimmer-202-scaled.jpeg\" class=\"attachment-full size-full wp-image-1101\" alt=\"\" srcset=\"https:\/\/am-schloss.de\/wp-content\/uploads\/2024\/04\/Zimmer-202-scaled.jpeg 2560w, https:\/\/am-schloss.de\/wp-content\/uploads\/2024\/04\/Zimmer-202-300x149.jpeg 300w, https:\/\/am-schloss.de\/wp-content\/uploads\/2024\/04\/Zimmer-202-1024x508.jpeg 1024w, https:\/\/am-schloss.de\/wp-content\/uploads\/2024\/04\/Zimmer-202-768x381.jpeg 768w, https:\/\/am-schloss.de\/wp-content\/uploads\/2024\/04\/Zimmer-202-1536x762.jpeg 1536w, https:\/\/am-schloss.de\/wp-content\/uploads\/2024\/04\/Zimmer-202-2048x1016.jpeg 2048w\" sizes=\"(max-width: 2560px) 100vw, 2560px\" \/>\t\t\t\t\t\t\t\t\t\t\t\t\t\t\t<\/div>\n\t\t\t\t<\/div>\n\t\t\t\t<\/div>\n\t\t<div class=\"elementor-element elementor-element-331296b9 e-con-full e-flex e-con e-child\" data-id=\"331296b9\" data-element_type=\"container\" data-e-type=\"container\">\n\t\t<div class=\"elementor-element elementor-element-1afa3afe e-con-full e-flex e-con e-child\" data-id=\"1afa3afe\" data-element_type=\"container\" data-e-type=\"container\">\n\t\t\t\t<div class=\"elementor-element elementor-element-2cd0165e elementor-widget elementor-widget-image\" data-id=\"2cd0165e\" data-element_type=\"widget\" data-e-type=\"widget\" data-widget_type=\"image.default\">\n\t\t\t\t<div class=\"elementor-widget-container\">\n\t\t\t\t\t\t\t\t\t\t\t\t\t\t\t<img decoding=\"async\" width=\"800\" height=\"600\" src=\"https:\/\/am-schloss.de\/wp-content\/uploads\/2024\/03\/IMG_0872-scaled-1-1024x768.jpeg\" class=\"attachment-large size-large wp-image-15\" alt=\"\" srcset=\"https:\/\/am-schloss.de\/wp-content\/uploads\/2024\/03\/IMG_0872-scaled-1-1024x768.jpeg 1024w, https:\/\/am-schloss.de\/wp-content\/uploads\/2024\/03\/IMG_0872-scaled-1-300x225.jpeg 300w, https:\/\/am-schloss.de\/wp-content\/uploads\/2024\/03\/IMG_0872-scaled-1-768x576.jpeg 768w, https:\/\/am-schloss.de\/wp-content\/uploads\/2024\/03\/IMG_0872-scaled-1-1536x1152.jpeg 1536w, https:\/\/am-schloss.de\/wp-content\/uploads\/2024\/03\/IMG_0872-scaled-1-2048x1536.jpeg 2048w\" sizes=\"(max-width: 800px) 100vw, 800px\" \/>\t\t\t\t\t\t\t\t\t\t\t\t\t\t\t<\/div>\n\t\t\t\t<\/div>\n\t\t\t\t<div class=\"elementor-element elementor-element-7e56858 elementor-widget elementor-widget-image\" data-id=\"7e56858\" data-element_type=\"widget\" data-e-type=\"widget\" data-widget_type=\"image.default\">\n\t\t\t\t<div class=\"elementor-widget-container\">\n\t\t\t\t\t\t\t\t\t\t\t\t\t\t\t<img decoding=\"async\" width=\"768\" height=\"1024\" src=\"https:\/\/am-schloss.de\/wp-content\/uploads\/2024\/03\/IMG_0831-scaled-1-768x1024.jpeg\" class=\"attachment-large size-large wp-image-40\" alt=\"\" srcset=\"https:\/\/am-schloss.de\/wp-content\/uploads\/2024\/03\/IMG_0831-scaled-1-768x1024.jpeg 768w, https:\/\/am-schloss.de\/wp-content\/uploads\/2024\/03\/IMG_0831-scaled-1-225x300.jpeg 225w, https:\/\/am-schloss.de\/wp-content\/uploads\/2024\/03\/IMG_0831-scaled-1-1152x1536.jpeg 1152w, https:\/\/am-schloss.de\/wp-content\/uploads\/2024\/03\/IMG_0831-scaled-1-1536x2048.jpeg 1536w, https:\/\/am-schloss.de\/wp-content\/uploads\/2024\/03\/IMG_0831-scaled-1.jpeg 1920w\" sizes=\"(max-width: 768px) 100vw, 768px\" \/>\t\t\t\t\t\t\t\t\t\t\t\t\t\t\t<\/div>\n\t\t\t\t<\/div>\n\t\t\t\t<\/div>\n\t\t\t\t<\/div>\n\t\t\t\t\t<\/div>\n\t\t\t\t<\/div>\n\t\t<div class=\"elementor-element elementor-element-1ff8829 e-flex e-con-boxed e-con e-parent\" data-id=\"1ff8829\" data-element_type=\"container\" data-e-type=\"container\" data-settings=\"{&quot;background_background&quot;:&quot;classic&quot;}\">\n\t\t\t\t\t<div class=\"e-con-inner\">\n\t\t<div class=\"elementor-element elementor-element-3a2f13d e-con-full e-flex e-con e-child\" data-id=\"3a2f13d\" data-element_type=\"container\" data-e-type=\"container\" data-settings=\"{&quot;background_background&quot;:&quot;classic&quot;}\">\n\t\t<div class=\"elementor-element elementor-element-3ce5c83 e-con-full e-flex e-con e-child\" data-id=\"3ce5c83\" data-element_type=\"container\" data-e-type=\"container\" id=\"d21-quickbook\" data-settings=\"{&quot;background_background&quot;:&quot;classic&quot;}\">\n\t\t\t\t<\/div>\n\t\t\t\t<\/div>\n\t\t\t\t\t<\/div>\n\t\t\t\t<\/div>\n\t\t<div class=\"elementor-element elementor-element-d2a43fc e-flex e-con-boxed e-con e-parent\" data-id=\"d2a43fc\" data-element_type=\"container\" data-e-type=\"container\">\n\t\t\t\t\t<div class=\"e-con-inner\">\n\t\t<div class=\"elementor-element elementor-element-495324c9 e-con-full e-flex e-con e-child\" data-id=\"495324c9\" data-element_type=\"container\" data-e-type=\"container\">\n\t\t\t\t<div class=\"elementor-element elementor-element-4c3850f elementor-widget elementor-widget-heading\" data-id=\"4c3850f\" data-element_type=\"widget\" data-e-type=\"widget\" data-widget_type=\"heading.default\">\n\t\t\t\t<div class=\"elementor-widget-container\">\n\t\t\t\t\t<h2 class=\"elementor-heading-title elementor-size-default\">Single Room Smart<\/h2>\t\t\t\t<\/div>\n\t\t\t\t<\/div>\n\t\t\t\t<div class=\"elementor-element elementor-element-8397588 elementor-widget__width-initial elementor-widget elementor-widget-text-editor\" data-id=\"8397588\" data-element_type=\"widget\" data-e-type=\"widget\" data-widget_type=\"text-editor.default\">\n\t\t\t\t<div class=\"elementor-widget-container\">\n\t\t\t\t\t\t\t\t\t<p>***Hotel Comfort Room. Ideal for business travelers.<\/p>\n<p>Our Single Smart Rooms are located on the northern side. Cozy and combined with a natural feel. Some rooms feature sloped ceilings.<\/p>\n<p>Piktogramm Person&nbsp; &nbsp; &nbsp;min. 1 Person&nbsp; &nbsp;Piktogramm 2 Pfeile entgegengesetzt&nbsp;<\/p>\n<p>SMART&nbsp; \/&nbsp; 15 qm<\/p>\n<p>Bed size: 0.90 x 2.00 m&nbsp;<\/p>\n<p>Single Room from \u20ac79 \u2013 Dynamic pricing<\/p>\n<p>Price per room\/night, including breakfast, parking, and Wi-Fi.<\/p>\n<p><\/p>\t\t\t\t\t\t\t\t<\/div>\n\t\t\t\t<\/div>\n\t\t\t\t<\/div>\n\t\t<div class=\"elementor-element elementor-element-3f2f19f6 e-con-full e-flex e-con e-child\" data-id=\"3f2f19f6\" data-element_type=\"container\" data-e-type=\"container\" data-settings=\"{&quot;background_background&quot;:&quot;classic&quot;}\">\n\t\t<div class=\"elementor-element elementor-element-11325ed e-flex e-con-boxed e-con e-child\" data-id=\"11325ed\" data-element_type=\"container\" data-e-type=\"container\">\n\t\t\t\t\t<div class=\"e-con-inner\">\n\t\t<div class=\"elementor-element elementor-element-3e9e1f8 e-flex e-con-boxed e-con e-child\" data-id=\"3e9e1f8\" data-element_type=\"container\" data-e-type=\"container\">\n\t\t\t\t\t<div class=\"e-con-inner\">\n\t\t\t\t<div class=\"elementor-element elementor-element-2bdbf00 elementor-view-default elementor-widget elementor-widget-icon\" data-id=\"2bdbf00\" data-element_type=\"widget\" data-e-type=\"widget\" data-widget_type=\"icon.default\">\n\t\t\t\t<div class=\"elementor-widget-container\">\n\t\t\t\t\t\t\t<div class=\"elementor-icon-wrapper\">\n\t\t\t<div class=\"elementor-icon\">\n\t\t\t<svg aria-hidden=\"true\" class=\"e-font-icon-svg e-fas-couch\" viewbox=\"0 0 640 512\" xmlns=\"http:\/\/www.w3.org\/2000\/svg\"><path d=\"M160 224v64h320v-64c0-35.3 28.7-64 64-64h32c0-53-43-96-96-96H160c-53 0-96 43-96 96h32c35.3 0 64 28.7 64 64zm416-32h-32c-17.7 0-32 14.3-32 32v96H128v-96c0-17.7-14.3-32-32-32H64c-35.3 0-64 28.7-64 64 0 23.6 13 44 32 55.1V432c0 8.8 7.2 16 16 16h64c8.8 0 16-7.2 16-16v-16h384v16c0 8.8 7.2 16 16 16h64c8.8 0 16-7.2 16-16V311.1c19-11.1 32-31.5 32-55.1 0-35.3-28.7-64-64-64z\"><\/path><\/svg>\t\t\t<\/div>\n\t\t<\/div>\n\t\t\t\t\t\t<\/div>\n\t\t\t\t<\/div>\n\t\t\t\t<div class=\"elementor-element elementor-element-9cfbeb1 elementor-widget elementor-widget-heading\" data-id=\"9cfbeb1\" data-element_type=\"widget\" data-e-type=\"widget\" data-widget_type=\"heading.default\">\n\t\t\t\t<div class=\"elementor-widget-container\">\n\t\t\t\t\t<h3 class=\"elementor-heading-title elementor-size-default\">Room Amenities<\/h3>\t\t\t\t<\/div>\n\t\t\t\t<\/div>\n\t\t\t\t\t<\/div>\n\t\t\t\t<\/div>\n\t\t\t\t<div class=\"elementor-element elementor-element-9cd23e5 elementor-widget__width-initial elementor-widget elementor-widget-text-editor\" data-id=\"9cd23e5\" data-element_type=\"widget\" data-e-type=\"widget\" data-widget_type=\"text-editor.default\">\n\t\t\t\t<div class=\"elementor-widget-container\">\n\t\t\t\t\t\t\t\t\t<ul><li>Walk-in shower<\/li><li>Toilet<\/li><li>Internal telephone (activation upon request)<\/li><li>Hairdryer<\/li><li>Wardrobe<\/li><li>Desk with chair<\/li><li>TV<\/li><li>Free Wi-Fi<\/li><li>Hypoallergenic bedding<\/li><li>Wooden floor instead of carpet<\/li><li>Non-smoking room<\/li><li>Luggage storage<\/li><li>High-quality toiletries<\/li><li>High-quality mattresses and slatted frames<\/li><li>Full-length mirror<\/li><\/ul>\t\t\t\t\t\t\t\t<\/div>\n\t\t\t\t<\/div>\n\t\t\t\t\t<\/div>\n\t\t\t\t<\/div>\n\t\t<div class=\"elementor-element elementor-element-8c29ea4 e-flex e-con-boxed e-con e-child\" data-id=\"8c29ea4\" data-element_type=\"container\" data-e-type=\"container\">\n\t\t\t\t\t<div class=\"e-con-inner\">\n\t\t<div class=\"elementor-element elementor-element-3893cf9 e-flex e-con-boxed e-con e-child\" data-id=\"3893cf9\" data-element_type=\"container\" data-e-type=\"container\">\n\t\t\t\t\t<div class=\"e-con-inner\">\n\t\t\t\t<div class=\"elementor-element elementor-element-c672b8e elementor-view-default elementor-widget elementor-widget-icon\" data-id=\"c672b8e\" data-element_type=\"widget\" data-e-type=\"widget\" data-widget_type=\"icon.default\">\n\t\t\t\t<div class=\"elementor-widget-container\">\n\t\t\t\t\t\t\t<div class=\"elementor-icon-wrapper\">\n\t\t\t<div class=\"elementor-icon\">\n\t\t\t<svg aria-hidden=\"true\" class=\"e-font-icon-svg e-far-check-circle\" viewbox=\"0 0 512 512\" xmlns=\"http:\/\/www.w3.org\/2000\/svg\"><path d=\"M256 8C119.033 8 8 119.033 8 256s111.033 248 248 248 248-111.033 248-248S392.967 8 256 8zm0 48c110.532 0 200 89.451 200 200 0 110.532-89.451 200-200 200-110.532 0-200-89.451-200-200 0-110.532 89.451-200 200-200m140.204 130.267l-22.536-22.718c-4.667-4.705-12.265-4.736-16.97-.068L215.346 303.697l-59.792-60.277c-4.667-4.705-12.265-4.736-16.97-.069l-22.719 22.536c-4.705 4.667-4.736 12.265-.068 16.971l90.781 91.516c4.667 4.705 12.265 4.736 16.97.068l172.589-171.204c4.704-4.668 4.734-12.266.067-16.971z\"><\/path><\/svg>\t\t\t<\/div>\n\t\t<\/div>\n\t\t\t\t\t\t<\/div>\n\t\t\t\t<\/div>\n\t\t\t\t<div class=\"elementor-element elementor-element-a107feb elementor-widget elementor-widget-heading\" data-id=\"a107feb\" data-element_type=\"widget\" data-e-type=\"widget\" data-widget_type=\"heading.default\">\n\t\t\t\t<div class=\"elementor-widget-container\">\n\t\t\t\t\t<h3 class=\"elementor-heading-title elementor-size-default\">Inclusions<\/h3>\t\t\t\t<\/div>\n\t\t\t\t<\/div>\n\t\t\t\t\t<\/div>\n\t\t\t\t<\/div>\n\t\t\t\t<div class=\"elementor-element elementor-element-8fc489d elementor-widget__width-initial elementor-widget elementor-widget-text-editor\" data-id=\"8fc489d\" data-element_type=\"widget\" data-e-type=\"widget\" data-widget_type=\"text-editor.default\">\n\t\t\t\t<div class=\"elementor-widget-container\">\n\t\t\t\t\t\t\t\t\t<ul>\n<li>Lockable bike garage with charging option<\/li>\n<li>Wi-Fi throughout the hotel with no time limit<\/li>\n<li>Parking, subject to availability<\/li>\n<li>Safe \/ Reception<\/li>\n<li>Refrigerator \/ Reception available on request<\/li>\n<li>Breakfast buffet for hotel guests<\/li>\n<li>Leisure tips for the region<\/li>\n<li>Children 0-2 years old stay free in parents' bed<\/li>\n<li>Free cold bottle of water from a local source upon arrival<\/li>\n<li>Wake-up call upon request<\/li>\n<li>Wasserkocher, Duschhocker, Zweites Kopfkissen und B\u00fcgeleisen auf Wunsch<\/li>\n<li>Luggage storage \/ Reception<\/li>\n<\/ul>\t\t\t\t\t\t\t\t<\/div>\n\t\t\t\t<\/div>\n\t\t\t\t\t<\/div>\n\t\t\t\t<\/div>\n\t\t\t\t<\/div>\n\t\t\t\t\t<\/div>\n\t\t\t\t<\/div>\n\t\t<div class=\"elementor-element elementor-element-5b972446 e-flex e-con-boxed e-con e-parent\" data-id=\"5b972446\" data-element_type=\"container\" data-e-type=\"container\">\n\t\t\t\t\t<div class=\"e-con-inner\">\n\t\t\t\t<div class=\"elementor-element elementor-element-1e73d9c8 elementor-widget elementor-widget-html\" data-id=\"1e73d9c8\" data-element_type=\"widget\" data-e-type=\"widget\" data-widget_type=\"html.default\">\n\t\t\t\t<div class=\"elementor-widget-container\">\n\t\t\t\t\t<script src=\"https:\/\/js-sdk.dirs21.de\/cecd1348-bec3-4d95-a17a-373f225be3ee\"\r\ntype=\"text\/javascript\" async=\"async\"><\/script>\t\t\t\t<\/div>\n\t\t\t\t<\/div>\n\t\t\t\t\t<\/div>\n\t\t\t\t<\/div>\n\t\t\t\t<\/div>","protected":false},"excerpt":{"rendered":"<p>Die klassische Wohlf\u00fchlbasis Einzelzimmer smart 1 Person ca. 17 &#8211; 20qm Ideal f\u00fcr Singles EINZELZIMMER smart ***Hotel-Comfort Zimmer. Ideal f\u00fcr Gesch\u00e4ftsreisende. Unsere Einzelzimmer Smart sind zur Nordseite gelegen. Gem\u00fctlichkeit vereint mit urspr\u00fcnglichem Naturgef\u00fchl. Teils mit Dachschr\u00e4ge Piktogramm Person&nbsp; &nbsp; &nbsp;min. 1 Person&nbsp; &nbsp;Piktogramm 2 Pfeile entgegengesetzt&nbsp; SMART&nbsp; \/&nbsp; 15 qm Bettengr\u00f6\u00dfe:&nbsp; 0,90 x 2,00 m&nbsp; [&hellip;]<\/p>\n","protected":false},"author":1,"featured_media":0,"parent":98,"menu_order":1,"comment_status":"closed","ping_status":"closed","template":"","meta":{"footnotes":""},"class_list":["post-129","page","type-page","status-publish","hentry"],"_links":{"self":[{"href":"https:\/\/am-schloss.de\/en\/wp-json\/wp\/v2\/pages\/129","targetHints":{"allow":["GET"]}}],"collection":[{"href":"https:\/\/am-schloss.de\/en\/wp-json\/wp\/v2\/pages"}],"about":[{"href":"https:\/\/am-schloss.de\/en\/wp-json\/wp\/v2\/types\/page"}],"author":[{"embeddable":true,"href":"https:\/\/am-schloss.de\/en\/wp-json\/wp\/v2\/users\/1"}],"replies":[{"embeddable":true,"href":"https:\/\/am-schloss.de\/en\/wp-json\/wp\/v2\/comments?post=129"}],"version-history":[{"count":263,"href":"https:\/\/am-schloss.de\/en\/wp-json\/wp\/v2\/pages\/129\/revisions"}],"predecessor-version":[{"id":5954,"href":"https:\/\/am-schloss.de\/en\/wp-json\/wp\/v2\/pages\/129\/revisions\/5954"}],"up":[{"embeddable":true,"href":"https:\/\/am-schloss.de\/en\/wp-json\/wp\/v2\/pages\/98"}],"wp:attachment":[{"href":"https:\/\/am-schloss.de\/en\/wp-json\/wp\/v2\/media?parent=129"}],"curies":[{"name":"wp","href":"https:\/\/api.w.org\/{rel}","templated":true}]}}