{"id":146,"date":"2024-03-14T15:10:31","date_gmt":"2024-03-14T15:10:31","guid":{"rendered":"https:\/\/am-schloss.de\/?page_id=146"},"modified":"2024-08-29T11:31:33","modified_gmt":"2024-08-29T11:31:33","slug":"zimmer-doppel-bett","status":"publish","type":"page","link":"https:\/\/am-schloss.de\/en\/hotel\/zimmer-doppel-bett\/","title":{"rendered":"Zimmer &#8211; Doppel-Bett"},"content":{"rendered":"<div data-elementor-type=\"wp-page\" data-elementor-id=\"146\" class=\"elementor elementor-146\" data-elementor-post-type=\"page\">\n\t\t\t\t<div class=\"elementor-element elementor-element-59696970 e-flex e-con-boxed e-con e-parent\" data-id=\"59696970\" data-element_type=\"container\" data-e-type=\"container\" data-settings=\"{&quot;background_background&quot;:&quot;classic&quot;}\">\n\t\t\t\t\t<div class=\"e-con-inner\">\n\t\t\t\t<div class=\"elementor-element elementor-element-5564507 elementor-widget elementor-widget-heading\" data-id=\"5564507\" data-element_type=\"widget\" data-e-type=\"widget\" data-widget_type=\"heading.default\">\n\t\t\t\t<div class=\"elementor-widget-container\">\n\t\t\t\t\t<h2 class=\"elementor-heading-title elementor-size-default\">The classic feel-good base.<\/h2>\t\t\t\t<\/div>\n\t\t\t\t<\/div>\n\t\t\t\t<div class=\"elementor-element elementor-element-3a0e1fe9 elementor-widget elementor-widget-heading\" data-id=\"3a0e1fe9\" data-element_type=\"widget\" data-e-type=\"widget\" data-widget_type=\"heading.default\">\n\t\t\t\t<div class=\"elementor-widget-container\">\n\t\t\t\t\t<h2 class=\"elementor-heading-title elementor-size-default\">Double Room or Twin Room Classic<\/h2>\t\t\t\t<\/div>\n\t\t\t\t<\/div>\n\t\t\t\t<div class=\"elementor-element elementor-element-2f14884 elementor-icon-list--layout-inline elementor-widget__width-initial elementor-list-item-link-full_width elementor-widget elementor-widget-icon-list\" data-id=\"2f14884\" data-element_type=\"widget\" data-e-type=\"widget\" data-widget_type=\"icon-list.default\">\n\t\t\t\t<div class=\"elementor-widget-container\">\n\t\t\t\t\t\t\t<ul class=\"elementor-icon-list-items elementor-inline-items\">\n\t\t\t\t\t\t\t<li class=\"elementor-icon-list-item elementor-inline-item\">\n\t\t\t\t\t\t\t\t\t\t\t<span class=\"elementor-icon-list-icon\">\n\t\t\t\t\t\t\t<svg aria-hidden=\"true\" class=\"e-font-icon-svg e-fas-user-friends\" viewbox=\"0 0 640 512\" xmlns=\"http:\/\/www.w3.org\/2000\/svg\"><path d=\"M192 256c61.9 0 112-50.1 112-112S253.9 32 192 32 80 82.1 80 144s50.1 112 112 112zm76.8 32h-8.3c-20.8 10-43.9 16-68.5 16s-47.6-6-68.5-16h-8.3C51.6 288 0 339.6 0 403.2V432c0 26.5 21.5 48 48 48h288c26.5 0 48-21.5 48-48v-28.8c0-63.6-51.6-115.2-115.2-115.2zM480 256c53 0 96-43 96-96s-43-96-96-96-96 43-96 96 43 96 96 96zm48 32h-3.8c-13.9 4.8-28.6 8-44.2 8s-30.3-3.2-44.2-8H432c-20.4 0-39.2 5.9-55.7 15.4 24.4 26.3 39.7 61.2 39.7 99.8v38.4c0 2.2-.5 4.3-.6 6.4H592c26.5 0 48-21.5 48-48 0-61.9-50.1-112-112-112z\"><\/path><\/svg>\t\t\t\t\t\t<\/span>\n\t\t\t\t\t\t\t\t\t\t<span class=\"elementor-icon-list-text\">max. 2 persons<\/span>\n\t\t\t\t\t\t\t\t\t<\/li>\n\t\t\t\t\t\t\t\t<li class=\"elementor-icon-list-item elementor-inline-item\">\n\t\t\t\t\t\t\t\t\t\t\t<span class=\"elementor-icon-list-icon\">\n\t\t\t\t\t\t\t<svg aria-hidden=\"true\" class=\"e-font-icon-svg e-fas-arrows-alt-h\" viewbox=\"0 0 512 512\" xmlns=\"http:\/\/www.w3.org\/2000\/svg\"><path d=\"M377.941 169.941V216H134.059v-46.059c0-21.382-25.851-32.09-40.971-16.971L7.029 239.029c-9.373 9.373-9.373 24.568 0 33.941l86.059 86.059c15.119 15.119 40.971 4.411 40.971-16.971V296h243.882v46.059c0 21.382 25.851 32.09 40.971 16.971l86.059-86.059c9.373-9.373 9.373-24.568 0-33.941l-86.059-86.059c-15.119-15.12-40.971-4.412-40.971 16.97z\"><\/path><\/svg>\t\t\t\t\t\t<\/span>\n\t\t\t\t\t\t\t\t\t\t<span class=\"elementor-icon-list-text\">ca. 23 qm<\/span>\n\t\t\t\t\t\t\t\t\t<\/li>\n\t\t\t\t\t\t\t\t<li class=\"elementor-icon-list-item elementor-inline-item\">\n\t\t\t\t\t\t\t\t\t\t\t<span class=\"elementor-icon-list-icon\">\n\t\t\t\t\t\t\t<svg aria-hidden=\"true\" class=\"e-font-icon-svg e-fas-check\" viewbox=\"0 0 512 512\" xmlns=\"http:\/\/www.w3.org\/2000\/svg\"><path d=\"M173.898 439.404l-166.4-166.4c-9.997-9.997-9.997-26.206 0-36.204l36.203-36.204c9.997-9.998 26.207-9.998 36.204 0L192 312.69 432.095 72.596c9.997-9.997 26.207-9.997 36.204 0l36.203 36.204c9.997 9.997 9.997 26.206 0 36.204l-294.4 294.401c-9.998 9.997-26.207 9.997-36.204-.001z\"><\/path><\/svg>\t\t\t\t\t\t<\/span>\n\t\t\t\t\t\t\t\t\t\t<span class=\"elementor-icon-list-text\">Ideal f\u00fcr Paare<\/span>\n\t\t\t\t\t\t\t\t\t<\/li>\n\t\t\t\t\t\t<\/ul>\n\t\t\t\t\t\t<\/div>\n\t\t\t\t<\/div>\n\t\t\t\t\t<\/div>\n\t\t\t\t<\/div>\n\t\t<div class=\"elementor-element elementor-element-404113ce e-flex e-con-boxed e-con e-parent\" data-id=\"404113ce\" data-element_type=\"container\" data-e-type=\"container\">\n\t\t\t\t\t<div class=\"e-con-inner\">\n\t\t<div class=\"elementor-element elementor-element-7f44441e e-con-full e-flex e-con e-child\" data-id=\"7f44441e\" data-element_type=\"container\" data-e-type=\"container\">\n\t\t\t\t<div class=\"elementor-element elementor-element-f783f05 elementor-widget elementor-widget-image\" data-id=\"f783f05\" data-element_type=\"widget\" data-e-type=\"widget\" data-widget_type=\"image.default\">\n\t\t\t\t<div class=\"elementor-widget-container\">\n\t\t\t\t\t\t\t\t\t\t\t\t\t\t\t<img fetchpriority=\"high\" decoding=\"async\" width=\"2560\" height=\"1456\" src=\"https:\/\/am-schloss.de\/wp-content\/uploads\/2024\/04\/Zimmer-204-schrank-scaled.jpeg\" class=\"attachment-full size-full wp-image-1102\" alt=\"\" srcset=\"https:\/\/am-schloss.de\/wp-content\/uploads\/2024\/04\/Zimmer-204-schrank-scaled.jpeg 2560w, https:\/\/am-schloss.de\/wp-content\/uploads\/2024\/04\/Zimmer-204-schrank-300x171.jpeg 300w, https:\/\/am-schloss.de\/wp-content\/uploads\/2024\/04\/Zimmer-204-schrank-1024x582.jpeg 1024w, https:\/\/am-schloss.de\/wp-content\/uploads\/2024\/04\/Zimmer-204-schrank-768x437.jpeg 768w, https:\/\/am-schloss.de\/wp-content\/uploads\/2024\/04\/Zimmer-204-schrank-1536x874.jpeg 1536w, https:\/\/am-schloss.de\/wp-content\/uploads\/2024\/04\/Zimmer-204-schrank-2048x1165.jpeg 2048w\" sizes=\"(max-width: 2560px) 100vw, 2560px\" \/>\t\t\t\t\t\t\t\t\t\t\t\t\t\t\t<\/div>\n\t\t\t\t<\/div>\n\t\t\t\t<\/div>\n\t\t<div class=\"elementor-element elementor-element-1b1f59bf e-con-full e-flex e-con e-child\" data-id=\"1b1f59bf\" data-element_type=\"container\" data-e-type=\"container\">\n\t\t<div class=\"elementor-element elementor-element-21a214e e-con-full e-flex e-con e-child\" data-id=\"21a214e\" data-element_type=\"container\" data-e-type=\"container\">\n\t\t\t\t<div class=\"elementor-element elementor-element-74d743f0 elementor-widget elementor-widget-image\" data-id=\"74d743f0\" data-element_type=\"widget\" data-e-type=\"widget\" data-widget_type=\"image.default\">\n\t\t\t\t<div class=\"elementor-widget-container\">\n\t\t\t\t\t\t\t\t\t\t\t\t\t\t\t<img decoding=\"async\" width=\"800\" height=\"420\" src=\"https:\/\/am-schloss.de\/wp-content\/uploads\/2024\/04\/Zimmer-204-1024x538.jpeg\" class=\"attachment-large size-large wp-image-1103\" alt=\"\" srcset=\"https:\/\/am-schloss.de\/wp-content\/uploads\/2024\/04\/Zimmer-204-1024x538.jpeg 1024w, https:\/\/am-schloss.de\/wp-content\/uploads\/2024\/04\/Zimmer-204-300x158.jpeg 300w, https:\/\/am-schloss.de\/wp-content\/uploads\/2024\/04\/Zimmer-204-768x404.jpeg 768w, https:\/\/am-schloss.de\/wp-content\/uploads\/2024\/04\/Zimmer-204-1536x808.jpeg 1536w, https:\/\/am-schloss.de\/wp-content\/uploads\/2024\/04\/Zimmer-204-2048x1077.jpeg 2048w\" sizes=\"(max-width: 800px) 100vw, 800px\" \/>\t\t\t\t\t\t\t\t\t\t\t\t\t\t\t<\/div>\n\t\t\t\t<\/div>\n\t\t\t\t<div class=\"elementor-element elementor-element-5d76640f elementor-widget elementor-widget-image\" data-id=\"5d76640f\" data-element_type=\"widget\" data-e-type=\"widget\" data-widget_type=\"image.default\">\n\t\t\t\t<div class=\"elementor-widget-container\">\n\t\t\t\t\t\t\t\t\t\t\t\t\t\t\t<img decoding=\"async\" width=\"768\" height=\"1024\" src=\"https:\/\/am-schloss.de\/wp-content\/uploads\/2024\/03\/IMG_0831-scaled-1-768x1024.jpeg\" class=\"attachment-large size-large wp-image-40\" alt=\"\" srcset=\"https:\/\/am-schloss.de\/wp-content\/uploads\/2024\/03\/IMG_0831-scaled-1-768x1024.jpeg 768w, https:\/\/am-schloss.de\/wp-content\/uploads\/2024\/03\/IMG_0831-scaled-1-225x300.jpeg 225w, https:\/\/am-schloss.de\/wp-content\/uploads\/2024\/03\/IMG_0831-scaled-1-1152x1536.jpeg 1152w, https:\/\/am-schloss.de\/wp-content\/uploads\/2024\/03\/IMG_0831-scaled-1-1536x2048.jpeg 1536w, https:\/\/am-schloss.de\/wp-content\/uploads\/2024\/03\/IMG_0831-scaled-1.jpeg 1920w\" sizes=\"(max-width: 768px) 100vw, 768px\" \/>\t\t\t\t\t\t\t\t\t\t\t\t\t\t\t<\/div>\n\t\t\t\t<\/div>\n\t\t\t\t<\/div>\n\t\t\t\t<\/div>\n\t\t\t\t\t<\/div>\n\t\t\t\t<\/div>\n\t\t<div class=\"elementor-element elementor-element-a05f5d2 e-flex e-con-boxed e-con e-parent\" data-id=\"a05f5d2\" data-element_type=\"container\" data-e-type=\"container\" data-settings=\"{&quot;background_background&quot;:&quot;classic&quot;}\">\n\t\t\t\t\t<div class=\"e-con-inner\">\n\t\t<div class=\"elementor-element elementor-element-963f58e e-con-full e-flex e-con e-child\" data-id=\"963f58e\" data-element_type=\"container\" data-e-type=\"container\" data-settings=\"{&quot;background_background&quot;:&quot;classic&quot;}\">\n\t\t<div class=\"elementor-element elementor-element-550898c e-con-full e-flex e-con e-child\" data-id=\"550898c\" data-element_type=\"container\" data-e-type=\"container\" id=\"d21-quickbook\" data-settings=\"{&quot;background_background&quot;:&quot;classic&quot;}\">\n\t\t\t\t<\/div>\n\t\t\t\t<\/div>\n\t\t\t\t\t<\/div>\n\t\t\t\t<\/div>\n\t\t<div class=\"elementor-element elementor-element-415cf901 e-flex e-con-boxed e-con e-parent\" data-id=\"415cf901\" data-element_type=\"container\" data-e-type=\"container\">\n\t\t\t\t\t<div class=\"e-con-inner\">\n\t\t<div class=\"elementor-element elementor-element-c148a4f e-con-full e-flex e-con e-child\" data-id=\"c148a4f\" data-element_type=\"container\" data-e-type=\"container\">\n\t\t\t\t<div class=\"elementor-element elementor-element-cbfdd06 elementor-widget elementor-widget-heading\" data-id=\"cbfdd06\" data-element_type=\"widget\" data-e-type=\"widget\" data-widget_type=\"heading.default\">\n\t\t\t\t<div class=\"elementor-widget-container\">\n\t\t\t\t\t<h2 class=\"elementor-heading-title elementor-size-default\">Double Room classic<\/h2>\t\t\t\t<\/div>\n\t\t\t\t<\/div>\n\t\t\t\t<div class=\"elementor-element elementor-element-6e64204f elementor-widget__width-initial elementor-widget elementor-widget-text-editor\" data-id=\"6e64204f\" data-element_type=\"widget\" data-e-type=\"widget\" data-widget_type=\"text-editor.default\">\n\t\t\t\t<div class=\"elementor-widget-container\">\n\t\t\t\t\t\t\t\t\t<p>You can choose between a double bed or twin beds.<\/p>\t\t\t\t\t\t\t\t<\/div>\n\t\t\t\t<\/div>\n\t\t\t\t<div class=\"elementor-element elementor-element-3646150 elementor-widget__width-initial elementor-widget elementor-widget-text-editor\" data-id=\"3646150\" data-element_type=\"widget\" data-e-type=\"widget\" data-widget_type=\"text-editor.default\">\n\t\t\t\t<div class=\"elementor-widget-container\">\n\t\t\t\t\t\t\t\t\t<p>***Hotel Comfort Room.&nbsp;<\/p>\n<p>Unsere Doppelzimmer Classic sind mit&nbsp;<\/p>\n<p>min. 1 Person&nbsp; &nbsp; max. 2 Personen<\/p>\n<p>Classic \/ 20 &#8211; 22&nbsp; qm<\/p>\n<p>Bettengr\u00f6\u00dfe:&nbsp; 1,80 x 2,00 m&nbsp;<\/p>\n<p>Ideal for singles and couples looking to cuddle.<\/p>\n<p>The high-quality mattresses with slatted frames ensure a restful sleep.<\/p>\n<p>Doppel-Zimmer oder Zweibett-Zimmer je ab 109 \u20ac<\/p>\n<p>Price per room\/night, including breakfast, parking, and Wi-Fi.<\/p>\n<p><\/p>\t\t\t\t\t\t\t\t<\/div>\n\t\t\t\t<\/div>\n\t\t\t\t<div class=\"elementor-element elementor-element-c4e554e elementor-widget__width-initial elementor-widget elementor-widget-text-editor\" data-id=\"c4e554e\" data-element_type=\"widget\" data-e-type=\"widget\" data-widget_type=\"text-editor.default\">\n\t\t\t\t<div class=\"elementor-widget-container\">\n\t\t\t\t\t\t\t\t\t<p>When you book directly through our website, you benefit from our specially discounted rates and the best price for your stay at Hotel-Gasthof Am Schloss.<\/p>\t\t\t\t\t\t\t\t<\/div>\n\t\t\t\t<\/div>\n\t\t\t\t<\/div>\n\t\t<div class=\"elementor-element elementor-element-7081bec8 e-con-full e-flex e-con e-child\" data-id=\"7081bec8\" data-element_type=\"container\" data-e-type=\"container\" data-settings=\"{&quot;background_background&quot;:&quot;classic&quot;}\">\n\t\t<div class=\"elementor-element elementor-element-4baf01c e-con-full e-flex e-con e-child\" data-id=\"4baf01c\" data-element_type=\"container\" data-e-type=\"container\">\n\t\t<div class=\"elementor-element elementor-element-aaea5bc e-flex e-con-boxed e-con e-child\" data-id=\"aaea5bc\" data-element_type=\"container\" data-e-type=\"container\">\n\t\t\t\t\t<div class=\"e-con-inner\">\n\t\t\t\t<div class=\"elementor-element elementor-element-2ff3bd9 elementor-view-default elementor-widget elementor-widget-icon\" data-id=\"2ff3bd9\" data-element_type=\"widget\" data-e-type=\"widget\" data-widget_type=\"icon.default\">\n\t\t\t\t<div class=\"elementor-widget-container\">\n\t\t\t\t\t\t\t<div class=\"elementor-icon-wrapper\">\n\t\t\t<div class=\"elementor-icon\">\n\t\t\t<svg aria-hidden=\"true\" class=\"e-font-icon-svg e-fas-couch\" viewbox=\"0 0 640 512\" xmlns=\"http:\/\/www.w3.org\/2000\/svg\"><path d=\"M160 224v64h320v-64c0-35.3 28.7-64 64-64h32c0-53-43-96-96-96H160c-53 0-96 43-96 96h32c35.3 0 64 28.7 64 64zm416-32h-32c-17.7 0-32 14.3-32 32v96H128v-96c0-17.7-14.3-32-32-32H64c-35.3 0-64 28.7-64 64 0 23.6 13 44 32 55.1V432c0 8.8 7.2 16 16 16h64c8.8 0 16-7.2 16-16v-16h384v16c0 8.8 7.2 16 16 16h64c8.8 0 16-7.2 16-16V311.1c19-11.1 32-31.5 32-55.1 0-35.3-28.7-64-64-64z\"><\/path><\/svg>\t\t\t<\/div>\n\t\t<\/div>\n\t\t\t\t\t\t<\/div>\n\t\t\t\t<\/div>\n\t\t\t\t<div class=\"elementor-element elementor-element-dcfa1eb elementor-widget elementor-widget-heading\" data-id=\"dcfa1eb\" data-element_type=\"widget\" data-e-type=\"widget\" data-widget_type=\"heading.default\">\n\t\t\t\t<div class=\"elementor-widget-container\">\n\t\t\t\t\t<h3 class=\"elementor-heading-title elementor-size-default\">Room Amenities<\/h3>\t\t\t\t<\/div>\n\t\t\t\t<\/div>\n\t\t\t\t\t<\/div>\n\t\t\t\t<\/div>\n\t\t\t\t<div class=\"elementor-element elementor-element-40cbd36 elementor-widget__width-initial elementor-widget elementor-widget-text-editor\" data-id=\"40cbd36\" data-element_type=\"widget\" data-e-type=\"widget\" data-widget_type=\"text-editor.default\">\n\t\t\t\t<div class=\"elementor-widget-container\">\n\t\t\t\t\t\t\t\t\t<ul>\n<li>Walk-in shower<\/li>\n<li>Toilet<\/li>\n<li>Internal telephone (activation upon request)<\/li>\n<li>Hairdryer<\/li>\n<li>Wardrobe<\/li>\n<li>Desk with chair<\/li>\n<li>TV<\/li>\n<li>Free Wi-Fi<\/li>\n<li>Hypoallergenic bedding<\/li>\n<li>Wooden floor instead of carpet<\/li>\n<li>Non-smoking room<\/li>\n<li>Luggage storage<\/li>\n<li>High-quality toiletries<\/li>\n<li>High-quality mattresses and slatted frames<\/li><li>Full-length mirror<\/li>\n<\/ul>\t\t\t\t\t\t\t\t<\/div>\n\t\t\t\t<\/div>\n\t\t\t\t<\/div>\n\t\t<div class=\"elementor-element elementor-element-cb71809 e-con-full e-flex e-con e-child\" data-id=\"cb71809\" data-element_type=\"container\" data-e-type=\"container\">\n\t\t<div class=\"elementor-element elementor-element-501c860 e-flex e-con-boxed e-con e-child\" data-id=\"501c860\" data-element_type=\"container\" data-e-type=\"container\">\n\t\t\t\t\t<div class=\"e-con-inner\">\n\t\t\t\t<div class=\"elementor-element elementor-element-676ac5f elementor-view-default elementor-widget elementor-widget-icon\" data-id=\"676ac5f\" data-element_type=\"widget\" data-e-type=\"widget\" data-widget_type=\"icon.default\">\n\t\t\t\t<div class=\"elementor-widget-container\">\n\t\t\t\t\t\t\t<div class=\"elementor-icon-wrapper\">\n\t\t\t<div class=\"elementor-icon\">\n\t\t\t<svg aria-hidden=\"true\" class=\"e-font-icon-svg e-far-check-circle\" viewbox=\"0 0 512 512\" xmlns=\"http:\/\/www.w3.org\/2000\/svg\"><path d=\"M256 8C119.033 8 8 119.033 8 256s111.033 248 248 248 248-111.033 248-248S392.967 8 256 8zm0 48c110.532 0 200 89.451 200 200 0 110.532-89.451 200-200 200-110.532 0-200-89.451-200-200 0-110.532 89.451-200 200-200m140.204 130.267l-22.536-22.718c-4.667-4.705-12.265-4.736-16.97-.068L215.346 303.697l-59.792-60.277c-4.667-4.705-12.265-4.736-16.97-.069l-22.719 22.536c-4.705 4.667-4.736 12.265-.068 16.971l90.781 91.516c4.667 4.705 12.265 4.736 16.97.068l172.589-171.204c4.704-4.668 4.734-12.266.067-16.971z\"><\/path><\/svg>\t\t\t<\/div>\n\t\t<\/div>\n\t\t\t\t\t\t<\/div>\n\t\t\t\t<\/div>\n\t\t\t\t<div class=\"elementor-element elementor-element-ed36d1b elementor-widget elementor-widget-heading\" data-id=\"ed36d1b\" data-element_type=\"widget\" data-e-type=\"widget\" data-widget_type=\"heading.default\">\n\t\t\t\t<div class=\"elementor-widget-container\">\n\t\t\t\t\t<h3 class=\"elementor-heading-title elementor-size-default\">Inclusions<\/h3>\t\t\t\t<\/div>\n\t\t\t\t<\/div>\n\t\t\t\t\t<\/div>\n\t\t\t\t<\/div>\n\t\t\t\t<div class=\"elementor-element elementor-element-91a89a3 elementor-widget__width-initial elementor-widget elementor-widget-text-editor\" data-id=\"91a89a3\" data-element_type=\"widget\" data-e-type=\"widget\" data-widget_type=\"text-editor.default\">\n\t\t\t\t<div class=\"elementor-widget-container\">\n\t\t\t\t\t\t\t\t\t<ul><li>Lockable bike garage with charging option<\/li><li>Wi-Fi throughout the hotel with no time limit<\/li><li>Parking, subject to availability<\/li><li>Safe \/ Reception<\/li><li>Refrigerator \/ Reception available on request<\/li><li>Breakfast buffet for hotel guests<\/li><li>Leisure tips for the region<\/li><li>Children 0-2 years old stay free in parents' bed<\/li><li>Free cold bottle of water from a local source upon arrival<\/li><li>Wake-up call upon request<\/li><li>Kettle, shower stool, extra pillow, and iron available upon request<\/li><li>Luggage storage \/ Reception<\/li><\/ul>\t\t\t\t\t\t\t\t<\/div>\n\t\t\t\t<\/div>\n\t\t\t\t<\/div>\n\t\t\t\t<\/div>\n\t\t\t\t\t<\/div>\n\t\t\t\t<\/div>\n\t\t<div class=\"elementor-element elementor-element-19392475 e-flex e-con-boxed e-con e-parent\" data-id=\"19392475\" data-element_type=\"container\" data-e-type=\"container\">\n\t\t\t\t\t<div class=\"e-con-inner\">\n\t\t\t\t<div class=\"elementor-element elementor-element-2a1b7880 elementor-widget elementor-widget-html\" data-id=\"2a1b7880\" data-element_type=\"widget\" data-e-type=\"widget\" data-widget_type=\"html.default\">\n\t\t\t\t<div class=\"elementor-widget-container\">\n\t\t\t\t\t<script src=\"https:\/\/js-sdk.dirs21.de\/cecd1348-bec3-4d95-a17a-373f225be3ee\"\r\ntype=\"text\/javascript\" async=\"async\"><\/script>\t\t\t\t<\/div>\n\t\t\t\t<\/div>\n\t\t\t\t\t<\/div>\n\t\t\t\t<\/div>\n\t\t\t\t<\/div>","protected":false},"excerpt":{"rendered":"<p>Die klassische Wohlf\u00fchlbasis DoppelZimmer oder Zweibettzimmer Classic max. 2 Personen ca. 23 qm Ideal f\u00fcr Paare Doppelzimmer Classic Wahlweise steht Ihnen ein Doppelbett oder Twin-Betten zur Verf\u00fcgung ***Hotel Comfort Zimmer.&nbsp; Unsere Doppelzimmer Classic sind mit&nbsp; min. 1 Person&nbsp; &nbsp; max. 2 Personen Classic \/ 20 &#8211; 22&nbsp; qm Bettengr\u00f6\u00dfe:&nbsp; 1,80 x 2,00 m&nbsp; Ideal f\u00fcr [&hellip;]<\/p>\n","protected":false},"author":1,"featured_media":0,"parent":98,"menu_order":4,"comment_status":"closed","ping_status":"closed","template":"elementor_header_footer","meta":{"footnotes":""},"class_list":["post-146","page","type-page","status-publish","hentry"],"_links":{"self":[{"href":"https:\/\/am-schloss.de\/en\/wp-json\/wp\/v2\/pages\/146","targetHints":{"allow":["GET"]}}],"collection":[{"href":"https:\/\/am-schloss.de\/en\/wp-json\/wp\/v2\/pages"}],"about":[{"href":"https:\/\/am-schloss.de\/en\/wp-json\/wp\/v2\/types\/page"}],"author":[{"embeddable":true,"href":"https:\/\/am-schloss.de\/en\/wp-json\/wp\/v2\/users\/1"}],"replies":[{"embeddable":true,"href":"https:\/\/am-schloss.de\/en\/wp-json\/wp\/v2\/comments?post=146"}],"version-history":[{"count":109,"href":"https:\/\/am-schloss.de\/en\/wp-json\/wp\/v2\/pages\/146\/revisions"}],"predecessor-version":[{"id":5963,"href":"https:\/\/am-schloss.de\/en\/wp-json\/wp\/v2\/pages\/146\/revisions\/5963"}],"up":[{"embeddable":true,"href":"https:\/\/am-schloss.de\/en\/wp-json\/wp\/v2\/pages\/98"}],"wp:attachment":[{"href":"https:\/\/am-schloss.de\/en\/wp-json\/wp\/v2\/media?parent=146"}],"curies":[{"name":"wp","href":"https:\/\/api.w.org\/{rel}","templated":true}]}}