{"id":1472,"date":"2024-04-24T12:54:51","date_gmt":"2024-04-24T12:54:51","guid":{"rendered":"https:\/\/am-schloss.de\/?page_id=1472"},"modified":"2025-01-28T19:50:55","modified_gmt":"2025-01-28T19:50:55","slug":"jobs","status":"publish","type":"page","link":"https:\/\/am-schloss.de\/en\/jobs\/","title":{"rendered":"Jobs"},"content":{"rendered":"<div data-elementor-type=\"wp-page\" data-elementor-id=\"1472\" class=\"elementor elementor-1472\" data-elementor-post-type=\"page\">\n\t\t\t\t<div class=\"elementor-element elementor-element-8e8a296 e-flex e-con-boxed e-con e-parent\" data-id=\"8e8a296\" data-element_type=\"container\" data-e-type=\"container\" data-settings=\"{&quot;background_background&quot;:&quot;gradient&quot;}\">\n\t\t\t\t\t<div class=\"e-con-inner\">\n\t\t<div class=\"elementor-element elementor-element-adaed33 e-con-full e-flex e-con e-child\" data-id=\"adaed33\" data-element_type=\"container\" data-e-type=\"container\">\n\t\t\t\t<div class=\"elementor-element elementor-element-f63259b elementor-widget elementor-widget-heading\" data-id=\"f63259b\" data-element_type=\"widget\" data-e-type=\"widget\" data-widget_type=\"heading.default\">\n\t\t\t\t<div class=\"elementor-widget-container\">\n\t\t\t\t\t<h3 class=\"elementor-heading-title elementor-size-default\">Wir sind immer<br> auf der Pirsch...<\/h3>\t\t\t\t<\/div>\n\t\t\t\t<\/div>\n\t\t\t\t<div class=\"elementor-element elementor-element-a5c41a1 elementor-widget__width-initial elementor-widget elementor-widget-text-editor\" data-id=\"a5c41a1\" data-element_type=\"widget\" data-e-type=\"widget\" data-widget_type=\"text-editor.default\">\n\t\t\t\t<div class=\"elementor-widget-container\">\n\t\t\t\t\t\t\t\t\t<p>&#8230;nach neuen Kreationen oder neuen Wohlf\u00fchlpl\u00e4tzen f\u00fcr unsere G\u00e4ste. Aber auch nach neuen Teamplayern, die gemeinsam mit uns auf die Jagd gehen:&#8230;nach noch zufriedeneren G\u00e4sten, noch gl\u00fccklicheren Restaurantbesuchern und noch mehr Spa\u00df am Arbeitsplatz. Und das ist uns auch was Wert (viel mehr als jeder Kollektiv!)<\/p><p>Wir arbeiten mit einem elektronischen Dienstplanprogramm \u00fcber das Du mit Deinem Smartphone deine Wunsch-Schichten, Frei-W\u00fcnsche oder Urlaubsw\u00fcnsche eintragen kannst. Deinen Dienstplan bekommt Du immer per Push-Nachricht auf dein Handy.<\/p>\n<p>Wir stellen ein Mitarbeiter (m\/w\/d) in Teil- oder Vollzeit f\u00fcr:<\/p>\t\t\t\t\t\t\t\t<\/div>\n\t\t\t\t<\/div>\n\t\t\t\t<\/div>\n\t\t<div class=\"elementor-element elementor-element-390563a e-con-full e-flex e-con e-child\" data-id=\"390563a\" data-element_type=\"container\" data-e-type=\"container\">\n\t\t\t\t<\/div>\n\t\t<div class=\"elementor-element elementor-element-25a495a e-con-full e-flex e-con e-child\" data-id=\"25a495a\" data-element_type=\"container\" data-e-type=\"container\" data-settings=\"{&quot;background_background&quot;:&quot;classic&quot;}\">\n\t\t\t\t<div class=\"elementor-element elementor-element-9dcb0f8 elementor-widget elementor-widget-heading\" data-id=\"9dcb0f8\" data-element_type=\"widget\" data-e-type=\"widget\" data-widget_type=\"heading.default\">\n\t\t\t\t<div class=\"elementor-widget-container\">\n\t\t\t\t\t<h2 class=\"elementor-heading-title elementor-size-default\">Allroundkraft<\/h2>\t\t\t\t<\/div>\n\t\t\t\t<\/div>\n\t\t\t\t<div class=\"elementor-element elementor-element-2f193b9 elementor-widget__width-initial elementor-widget elementor-widget-text-editor\" data-id=\"2f193b9\" data-element_type=\"widget\" data-e-type=\"widget\" data-widget_type=\"text-editor.default\">\n\t\t\t\t<div class=\"elementor-widget-container\">\n\t\t\t\t\t\t\t\t\t<p>Wir suchen flexible, belastbare und versierte Teamverst\u00e4rker*innen in Vollzeit- und Teilzeitanstellung<\/p>\t\t\t\t\t\t\t\t<\/div>\n\t\t\t\t<\/div>\n\t\t\t\t<div class=\"elementor-element elementor-element-652bd74 elementor-widget__width-initial elementor-widget elementor-widget-text-editor\" data-id=\"652bd74\" data-element_type=\"widget\" data-e-type=\"widget\" data-widget_type=\"text-editor.default\">\n\t\t\t\t<div class=\"elementor-widget-container\">\n\t\t\t\t\t\t\t\t\t<p>Wir bieten Ihnen:<\/p><p>Einen ansprechenden und Abwechslungsreichen Arbeitsplatz mit famili\u00e4ren Arbeitsklima im Bereich Housekeeping, K\u00fcchenhilfe, Putzfee, Fr\u00fchst\u00fcckskraft.<\/p><p>Unser Team vom Hotel sucht Unterst\u00fctzung. Es werden sowohl Teamverst\u00e4rker*innen in Vollzeit, als auch Teilzeitkr\u00e4fte (20-25 Std.) gesucht.<\/p><p>Neugierig geworden?<\/p><p>Dann melde dich gerne bei Birgit Heidner unter 09181-510600 und schick uns deine Bewerbung an birgit@am-schloss.de<\/p><p>Wir w\u00fcrden uns freuen, wenn wir DICH schon bald in unserem HGAS-Team willkommen hei\u00dfen d\u00fcrfen.<\/p>\t\t\t\t\t\t\t\t<\/div>\n\t\t\t\t<\/div>\n\t\t\t\t<div class=\"elementor-element elementor-element-f904171 elementor-align-left elementor-widget__width-inherit elementor-widget elementor-widget-button\" data-id=\"f904171\" data-element_type=\"widget\" data-e-type=\"widget\" data-widget_type=\"button.default\">\n\t\t\t\t<div class=\"elementor-widget-container\">\n\t\t\t\t\t\t\t\t\t<div class=\"elementor-button-wrapper\">\n\t\t\t\t\t<a class=\"elementor-button elementor-button-link elementor-size-sm\" href=\"#\">\n\t\t\t\t\t\t<span class=\"elementor-button-content-wrapper\">\n\t\t\t\t\t\t\t\t\t<span class=\"elementor-button-text\">Bewerben<\/span>\n\t\t\t\t\t<\/span>\n\t\t\t\t\t<\/a>\n\t\t\t\t<\/div>\n\t\t\t\t\t\t\t\t<\/div>\n\t\t\t\t<\/div>\n\t\t\t\t<\/div>\n\t\t<div class=\"elementor-element elementor-element-c6a7cc2 e-con-full e-flex e-con e-child\" data-id=\"c6a7cc2\" data-element_type=\"container\" data-e-type=\"container\" data-settings=\"{&quot;background_background&quot;:&quot;classic&quot;}\">\n\t\t\t\t<div class=\"elementor-element elementor-element-0bef80e elementor-widget elementor-widget-heading\" data-id=\"0bef80e\" data-element_type=\"widget\" data-e-type=\"widget\" data-widget_type=\"heading.default\">\n\t\t\t\t<div class=\"elementor-widget-container\">\n\t\t\t\t\t<h2 class=\"elementor-heading-title elementor-size-default\">WIR BILDEN AUS:<br>Koch &amp; Hotelfach<\/h2>\t\t\t\t<\/div>\n\t\t\t\t<\/div>\n\t\t\t\t<div class=\"elementor-element elementor-element-2b433bc elementor-widget__width-initial elementor-widget elementor-widget-text-editor\" data-id=\"2b433bc\" data-element_type=\"widget\" data-e-type=\"widget\" data-widget_type=\"text-editor.default\">\n\t\t\t\t<div class=\"elementor-widget-container\">\n\t\t\t\t\t\t\t\t\t<p>Zur Verst\u00e4rkung unseres Teams suchen wir zum n\u00e4chstm\u00f6glichen Zeitpunkt Unterst\u00fctzung in der Buchhaltung.\u00a0<\/p>\t\t\t\t\t\t\t\t<\/div>\n\t\t\t\t<\/div>\n\t\t\t\t<div class=\"elementor-element elementor-element-ab70571 elementor-widget__width-initial elementor-widget elementor-widget-text-editor\" data-id=\"ab70571\" data-element_type=\"widget\" data-e-type=\"widget\" data-widget_type=\"text-editor.default\">\n\t\t\t\t<div class=\"elementor-widget-container\">\n\t\t\t\t\t\t\t\t\t<p>WIR BIETEN DIR<br \/>* \u00fcbertarifliche Bezahlung \/ steuerfreie Zuschl\u00e4ge<br \/>* zeitgenaue Erfassung mit Stempeluhr \/ flexible Arbeitszeitgestaltung<br \/>* Sachleistungen wie Essen und Getr\u00e4nke<br \/>* Hilfestellung bei Wohnungssuche<br \/>* herzliches, dynamisches, famili\u00e4res Arbeitsklima<br \/>* selbstst\u00e4ndiges Arbeiten &amp; Verantwortungs\u00fcbertragung<br \/>* Fortbildungsm\u00f6glichkeiten auf Wunsch<\/p>\t\t\t\t\t\t\t\t<\/div>\n\t\t\t\t<\/div>\n\t\t\t\t<div class=\"elementor-element elementor-element-8a97d8c elementor-widget__width-initial elementor-widget elementor-widget-text-editor\" data-id=\"8a97d8c\" data-element_type=\"widget\" data-e-type=\"widget\" data-widget_type=\"text-editor.default\">\n\t\t\t\t<div class=\"elementor-widget-container\">\n\t\t\t\t\t\t\t\t\t<p>Neugierig geworden?<\/p><p>Dann melde dich gerne bei Birgit Heidner unter 09181 510600 und schick uns deine Bewerbung an birgit@am-schloss.de<\/p>\t\t\t\t\t\t\t\t<\/div>\n\t\t\t\t<\/div>\n\t\t\t\t<div class=\"elementor-element elementor-element-7b7831f elementor-align-left elementor-widget__width-inherit elementor-widget elementor-widget-button\" data-id=\"7b7831f\" data-element_type=\"widget\" data-e-type=\"widget\" data-widget_type=\"button.default\">\n\t\t\t\t<div class=\"elementor-widget-container\">\n\t\t\t\t\t\t\t\t\t<div class=\"elementor-button-wrapper\">\n\t\t\t\t\t<a class=\"elementor-button elementor-button-link elementor-size-sm\" href=\"#\">\n\t\t\t\t\t\t<span class=\"elementor-button-content-wrapper\">\n\t\t\t\t\t\t\t\t\t<span class=\"elementor-button-text\">Bewerben<\/span>\n\t\t\t\t\t<\/span>\n\t\t\t\t\t<\/a>\n\t\t\t\t<\/div>\n\t\t\t\t\t\t\t\t<\/div>\n\t\t\t\t<\/div>\n\t\t\t\t<\/div>\n\t\t<div class=\"elementor-element elementor-element-57b1ecb e-con-full e-flex e-con e-child\" data-id=\"57b1ecb\" data-element_type=\"container\" data-e-type=\"container\" data-settings=\"{&quot;background_background&quot;:&quot;classic&quot;}\">\n\t\t\t\t<div class=\"elementor-element elementor-element-a13aae7 elementor-widget elementor-widget-heading\" data-id=\"a13aae7\" data-element_type=\"widget\" data-e-type=\"widget\" data-widget_type=\"heading.default\">\n\t\t\t\t<div class=\"elementor-widget-container\">\n\t\t\t\t\t<h2 class=\"elementor-heading-title elementor-size-default\">HOUSEKEEPING UND\/ODER<br>PutzFEE gesucht<\/h2>\t\t\t\t<\/div>\n\t\t\t\t<\/div>\n\t\t\t\t<div class=\"elementor-element elementor-element-71b3e38 elementor-widget__width-initial elementor-widget elementor-widget-text-editor\" data-id=\"71b3e38\" data-element_type=\"widget\" data-e-type=\"widget\" data-widget_type=\"text-editor.default\">\n\t\t\t\t<div class=\"elementor-widget-container\">\n\t\t\t\t\t\t\t\t\t<p>Zur Verst\u00e4rkung unseres Teams suchen wir zum n\u00e4chstm\u00f6glichen Zeitpunkt Unterst\u00fctzung im Hotel und im Restaurant\u00a0<\/p>\t\t\t\t\t\t\t\t<\/div>\n\t\t\t\t<\/div>\n\t\t\t\t<div class=\"elementor-element elementor-element-3667814 elementor-widget__width-initial elementor-widget elementor-widget-text-editor\" data-id=\"3667814\" data-element_type=\"widget\" data-e-type=\"widget\" data-widget_type=\"text-editor.default\">\n\t\t\t\t<div class=\"elementor-widget-container\">\n\t\t\t\t\t\t\t\t\t<p>Wir bieten Ihnen:<\/p>\n<p>Einen ansprechenden Arbeitsplatz mit eigenem zust\u00e4ndigem Arbeitsbereich<\/p>\n<p>Dein Profil:<\/p>\n<p><span style=\"text-align: var(--text-align);\">+ Gr\u00fcndliche, zuverl\u00e4ssige und selbstst\u00e4ndige Arbeitsweise<\/span><\/p>\n<p>Neugierig geworden?<\/p>\n<p>Dann melde dich gerne bei Birgit Heidner unter 09181 510600 und schick uns deine Bewerbung an birgit@am-schloss.de<\/p>\t\t\t\t\t\t\t\t<\/div>\n\t\t\t\t<\/div>\n\t\t\t\t<div class=\"elementor-element elementor-element-2c0086d elementor-align-left elementor-widget__width-inherit elementor-widget elementor-widget-button\" data-id=\"2c0086d\" data-element_type=\"widget\" data-e-type=\"widget\" data-widget_type=\"button.default\">\n\t\t\t\t<div class=\"elementor-widget-container\">\n\t\t\t\t\t\t\t\t\t<div class=\"elementor-button-wrapper\">\n\t\t\t\t\t<a class=\"elementor-button elementor-button-link elementor-size-sm\" href=\"#\">\n\t\t\t\t\t\t<span class=\"elementor-button-content-wrapper\">\n\t\t\t\t\t\t\t\t\t<span class=\"elementor-button-text\">Bewerben<\/span>\n\t\t\t\t\t<\/span>\n\t\t\t\t\t<\/a>\n\t\t\t\t<\/div>\n\t\t\t\t\t\t\t\t<\/div>\n\t\t\t\t<\/div>\n\t\t\t\t<\/div>\n\t\t\t\t\t<\/div>\n\t\t\t\t<\/div>\n\t\t\t\t<\/div>","protected":false},"excerpt":{"rendered":"<p>Wir sind immer auf der Pirsch&#8230; &#8230;nach neuen Kreationen oder neuen Wohlf\u00fchlpl\u00e4tzen f\u00fcr unsere G\u00e4ste. Aber auch nach neuen Teamplayern, die gemeinsam mit uns auf die Jagd gehen:&#8230;nach noch zufriedeneren G\u00e4sten, noch gl\u00fccklicheren Restaurantbesuchern und noch mehr Spa\u00df am Arbeitsplatz. Und das ist uns auch was Wert (viel mehr als jeder Kollektiv!) Wir arbeiten mit [&hellip;]<\/p>\n","protected":false},"author":1,"featured_media":0,"parent":0,"menu_order":4,"comment_status":"open","ping_status":"closed","template":"elementor_header_footer","meta":{"footnotes":""},"class_list":["post-1472","page","type-page","status-publish","hentry"],"_links":{"self":[{"href":"https:\/\/am-schloss.de\/en\/wp-json\/wp\/v2\/pages\/1472","targetHints":{"allow":["GET"]}}],"collection":[{"href":"https:\/\/am-schloss.de\/en\/wp-json\/wp\/v2\/pages"}],"about":[{"href":"https:\/\/am-schloss.de\/en\/wp-json\/wp\/v2\/types\/page"}],"author":[{"embeddable":true,"href":"https:\/\/am-schloss.de\/en\/wp-json\/wp\/v2\/users\/1"}],"replies":[{"embeddable":true,"href":"https:\/\/am-schloss.de\/en\/wp-json\/wp\/v2\/comments?post=1472"}],"version-history":[{"count":124,"href":"https:\/\/am-schloss.de\/en\/wp-json\/wp\/v2\/pages\/1472\/revisions"}],"predecessor-version":[{"id":7184,"href":"https:\/\/am-schloss.de\/en\/wp-json\/wp\/v2\/pages\/1472\/revisions\/7184"}],"wp:attachment":[{"href":"https:\/\/am-schloss.de\/en\/wp-json\/wp\/v2\/media?parent=1472"}],"curies":[{"name":"wp","href":"https:\/\/api.w.org\/{rel}","templated":true}]}}