{"id":5000,"date":"2024-08-01T10:38:15","date_gmt":"2024-08-01T10:38:15","guid":{"rendered":"https:\/\/am-schloss.de\/?page_id=5000"},"modified":"2026-04-23T07:03:04","modified_gmt":"2026-04-23T07:03:04","slug":"agb","status":"publish","type":"page","link":"https:\/\/am-schloss.de\/en\/agb\/","title":{"rendered":"AGB"},"content":{"rendered":"<div data-elementor-type=\"wp-page\" data-elementor-id=\"5000\" class=\"elementor elementor-5000\" data-elementor-post-type=\"page\">\n\t\t\t\t<div class=\"elementor-element elementor-element-f4954f9 e-flex e-con-boxed e-con e-parent\" data-id=\"f4954f9\" data-element_type=\"container\" data-e-type=\"container\">\n\t\t\t\t\t<div class=\"e-con-inner\">\n\t\t<div class=\"elementor-element elementor-element-a9a0adf e-con-full e-flex e-con e-child\" data-id=\"a9a0adf\" data-element_type=\"container\" data-e-type=\"container\">\n\t\t\t\t<div class=\"elementor-element elementor-element-0274f2b elementor-widget elementor-widget-heading\" data-id=\"0274f2b\" data-element_type=\"widget\" data-e-type=\"widget\" data-widget_type=\"heading.default\">\n\t\t\t\t<div class=\"elementor-widget-container\">\n\t\t\t\t\t<h2 class=\"elementor-heading-title elementor-size-default\">Allgemeine Gesch\u00e4ftsbedingungen (AGBH)<\/h2>\t\t\t\t<\/div>\n\t\t\t\t<\/div>\n\t\t\t\t<div class=\"elementor-element elementor-element-e1fd3a9 elementor-widget elementor-widget-heading\" data-id=\"e1fd3a9\" data-element_type=\"widget\" data-e-type=\"widget\" data-widget_type=\"heading.default\">\n\t\t\t\t<div class=\"elementor-widget-container\">\n\t\t\t\t\t<h3 class=\"elementor-heading-title elementor-size-default\">Partnerschaft braucht faire Regeln AGBs, damit wir uns gut verstehen... <\/h3>\t\t\t\t<\/div>\n\t\t\t\t<\/div>\n\t\t\t\t<div class=\"elementor-element elementor-element-46baa54 elementor-widget__width-initial elementor-widget elementor-widget-text-editor\" data-id=\"46baa54\" data-element_type=\"widget\" data-e-type=\"widget\" data-widget_type=\"text-editor.default\">\n\t\t\t\t<div class=\"elementor-widget-container\">\n\t\t\t\t\t\t\t\t\t<p>bitten wir Sie, folgende AGB&#8217;s zu beachten:<\/p>\t\t\t\t\t\t\t\t<\/div>\n\t\t\t\t<\/div>\n\t\t\t\t<div class=\"elementor-element elementor-element-7635c72 elementor-widget__width-initial elementor-widget elementor-widget-text-editor\" data-id=\"7635c72\" data-element_type=\"widget\" data-e-type=\"widget\" data-widget_type=\"text-editor.default\">\n\t\t\t\t<div class=\"elementor-widget-container\">\n\t\t\t\t\t\t\t\t\t<p>Eine Stornierung <strong>muss<\/strong> bitte schriftlich erfolgen<\/p><p><strong>Stornobedingungen f\u00fcr Einzelreisende<\/strong> &#8211; gilt f\u00fcr Buchungen bis 3 Zimmer<\/p><p>bis 3 Tage vor Anreise &#8211; Keine Kosten und\u00a0<\/p><p>bis 7 Tage vor Anreise &#8211; Keine Kosten zu N\u00fcrnberger Messezeiten<\/p><p>Bei sp\u00e4terer Stornierung berechnen wir 90 % des vereinbarten Gesamtvolumens<\/p><p>Nichtanreisen werden zu 100 % des vereinbarten Gesamtvolumens in Rechnung gestellt<\/p><p><strong>Stornobedingungen f\u00fcr Gruppenreisen &#8211; <\/strong>gilt f\u00fcr Buchungen ab 4 Zimmern &#8211;<\/p><ul><li>bis 42 Tage vor Anreise &#8211; Keine Kosten<\/li><li>bis 28 Tage vor Anreise &#8211; 30 % des vereinbarten Gesamtvolumens<\/li><li>bis 14 Tage vor Anreise &#8211; 60 % des vereinbarten Gesamtvolumens<\/li><li>bis 7 Tage vor Anreise\u00a0 \u00a0&#8211; 80 % des vereinbarten Gesamtvolumens<\/li><li>bis 1 Tag vor Anreise\u00a0 \u00a0 \u00a0&#8211; 90 % des vereinbarten Gesamtvolumens<\/li><li><strong>Stornobedingungen f\u00fcr Einzelreisende<\/strong> siehe Hotel<\/li><\/ul><p>Unsere Rechnungen sind 7 Tage nach Erhalt und ohne Abzug zu begleichen<\/p><p>Rechnungen an uns gerne per Email an: <strong>rechnung<\/strong>@am-schloss.de oder<\/p><p><strong>\u00a0 \u00a0 \u00a0 \u00a0 \u00a0 \u00a0 \u00a0 \u00a0 \u00a0 \u00a0 \u00a0 \u00a0 \u00a0 \u00a0 \u00a0 \u00a0 \u00a0 \u00a0 \u00a0 \u00a0 \u00a0 \u00a0 \u00a0 \u00a0 \u00a0 \u00a0 \u00a0 \u00a0 \u00a0 \u00a0 \u00a0 \u00a0 \u00a0 \u00a0rechnungen<\/strong>@am-schloss.de<\/p><p>Tagungsr\u00e4ume <strong>ohne Verpflegungsleistungen<\/strong> werden leider nicht von uns vermietet<\/p><p><strong>Longstay nicht m\u00f6glich<\/strong> &#8211; nur immer Werktags.<\/p><p><strong>Essen \/ Kochen nicht erlaubt im Hotelzimmer\u00a0 \u00a0 \u00a0 \u00a0 \u00a0 \u00a0 \u00a0 \u00a0 \u00a0 \u00a0 \u00a0 \u00a0 \u00a0 <\/strong>\u00a0 \u00a0 \u00a0 \u00a0 \u00a0 \u00a0 \u00a0 \u00a0 \u00a0 \u00a0 \u00a0 \u00a0 \u00a0 \u00a0 \u00a0 \u00a0 \u00a0 \u00a0 \u00a0 \u00a0 \u00a0 \u00a0 \u00a0 \u00a0 \u00a0 Leider ist es G\u00e4sten nicht gestattet, kleine Haushaltsger\u00e4te mit ins Hotelzimmer zu nehmen. Dazu geh\u00f6ren Slow Cooker, Toaster und Kochplatten. Sobald der Rauchmelder angeht, muss der Feuerwehreinsatz bezahlt werden.<\/p><p>Ebenso ist ein Hotel kein Supermarkt. Speisen und Getr\u00e4nke sollen grunds\u00e4tzlich nicht auf das Hotelzimmer mitgenommen und verzehrt werden. Nicht verboten ist aber das Mitbringen und Verspeisen eines Apfels, einer T\u00fcte Chips abends vorm Fernseher oder eines M\u00fcsliriegels f\u00fcr zwischendurch.<\/p><p><strong>Rauchen<\/strong> ist in Bayern in allen Geb\u00e4uden <strong>nicht gestattet. <\/strong>Nur im Aussenbereich ist es erlaubt. Wird festgestellt, dass G\u00e4ste in den Zimmern rauchen, wird eine <strong>Sonderreinigungs-Geb\u00fchr<\/strong> in H\u00f6he von <strong>300,00 \u20ac<\/strong> erhoben. Ausfall zur Weitervermietung oder Besch\u00e4digungen wie Brandflecke und L\u00f6cher in oder an M\u00f6beln,\u00a0 Fu\u00dfboden, Bettw\u00e4sche, usw. haben zur Folge, dass wir Ihnen diese zum Wiederbeschaffungs-wert in Rechnung stellen m\u00fcssen.<\/p><p><strong>Filmaufnahmen und Fotoshootings <\/strong>nur mit schriftlicher Genehmigung<\/p><p><strong>Gutscheine<\/strong> sind <strong>3 Jahre g\u00fcltig bis zum Jahresende.<\/strong><\/p><p><b>Erreichbarkeit \/ Kontakt <\/b>f\u00fcr Notf\u00e4lle oder dringende Erreichbarkeit k\u00f6nnen Sie unsere Festnetznummer + 49 (0) 9181 510600 angeben.<\/p>\t\t\t\t\t\t\t\t<\/div>\n\t\t\t\t<\/div>\n\t\t\t\t<div class=\"elementor-element elementor-element-8edca50 elementor-widget__width-inherit elementor-widget elementor-widget-text-editor\" data-id=\"8edca50\" data-element_type=\"widget\" data-e-type=\"widget\" data-widget_type=\"text-editor.default\">\n\t\t\t\t<div class=\"elementor-widget-container\">\n\t\t\t\t\t\t\t\t\t<p>(c) 2024 Hotel-Gasthof am Schlo\u00df<\/p>\t\t\t\t\t\t\t\t<\/div>\n\t\t\t\t<\/div>\n\t\t\t\t<div class=\"elementor-element elementor-element-a819ab2 elementor-widget__width-initial elementor-widget elementor-widget-text-editor\" data-id=\"a819ab2\" data-element_type=\"widget\" data-e-type=\"widget\" data-widget_type=\"text-editor.default\">\n\t\t\t\t<div class=\"elementor-widget-container\">\n\t\t\t\t\t\t\t\t\t<p><strong>AGB Restaurant Weihnachten &#8211; Gruppen\u00a0<\/strong><\/p><p>Allgemeiner G\u00e4stehinweis zu No-Shows<\/p><p>Liebe G\u00e4ste,<\/p><p>gerne k\u00f6nnen Sie bei uns Tischreservierungen vornehmen. Beachten Sie dabei bitte, dass wir teils erhebliche Umsatzausf\u00e4lle aufgrund von sog. \u201eNo\u2013Shows\u201c (Nichterscheinen der G\u00e4ste trotz Reservierung oder sehr kurzfristige Absagen) verzeichnen m\u00fcssen.<\/p><p>Vielen G\u00e4sten ist der finanzielle und organisatorische Aufwand, der mit der Auslastungsplanung unseres Restaurants verbunden ist, nicht bewusst. Es ist uns oft nicht m\u00f6glich, den frei gewordenen Tisch spontan an andere G\u00e4ste zu vergeben. Somit bleiben wir in diesen F\u00e4llen auf den Kosten f\u00fcr den Personaleinsatz und die eingekauften Lebensmittel sitzen. Bitte beachten Sie daher, dass eine Tischreservierung rechtlich gesehen ein Schuldverh\u00e4ltnis begr\u00fcndet, das sowohl f\u00fcr uns als auch f\u00fcr Sie bestimmte Pflichten ausl\u00f6st. Wir bitten Sie daher, uns rechtzeitig \u2013 sp\u00e4testens 2 Wochen vor dem vereinbarten Termin zu kontaktieren, sofern Sie Ihre Reservierung stornieren m\u00f6chten. Einzelne Personen sind bei Gruppenbuchungen auf Kulanz kein Thema, nur bei Nichterscheinen einer <strong>ganzen Gruppe<\/strong>. Hierf\u00fcr fallen 25 Euro pro Person an.<\/p><p>Ihr Team des Restaurants Hotel-Gasthof am Schlo\u00df in Pilsach.<\/p><p><strong>Kostenlose Stornierung<\/strong><\/p><p>Sofern Sie den vereinbarten Termin nicht wahrnehmen k\u00f6nnen und die Reservierung bis sp\u00e4testens 14 Tage vor dem vereinbartenTermin absagen, werden keine Stornierungsgeb\u00fchren berechnet. In Ihrem eigenen Interesse und zur Vermeidung von Missverst\u00e4ndnissen raten wir Ihnen, per Email an unsere E-Mail-Adresse: info@am-schloss.de, per Telefon 09181\/510600 oder h\u00f6chstpers\u00f6nlich im Restaurant abzusagen.<\/p><p>Keine Geb\u00fchren entstehen ferner, soweit es uns noch m\u00f6glich ist, den von Ihnen stornierten Tisch kurzfristig an andere G\u00e4ste zu vergeben.\u00a0<\/p><p>Vielen Dank f\u00fcr Ihr Verst\u00e4ndnis -Ihr HG Am Schloss-Team<\/p>\t\t\t\t\t\t\t\t<\/div>\n\t\t\t\t<\/div>\n\t\t\t\t<\/div>\n\t\t\t\t\t<\/div>\n\t\t\t\t<\/div>\n\t\t<div class=\"elementor-element elementor-element-f7e22df e-flex e-con-boxed e-con e-parent\" data-id=\"f7e22df\" data-element_type=\"container\" data-e-type=\"container\">\n\t\t\t\t\t<div class=\"e-con-inner\">\n\t\t\t\t<div class=\"elementor-element elementor-element-f2ff4e9 elementor-mobile-align-right elementor-widget elementor-widget-button\" data-id=\"f2ff4e9\" data-element_type=\"widget\" data-e-type=\"widget\" data-widget_type=\"button.default\">\n\t\t\t\t<div class=\"elementor-widget-container\">\n\t\t\t\t\t\t\t\t\t<div class=\"elementor-button-wrapper\">\n\t\t\t\t\t<a class=\"elementor-button elementor-button-link elementor-size-sm\" href=\"https:\/\/am-schloss.de\/wp-content\/uploads\/2025\/01\/AGBH-2025.pdf\">\n\t\t\t\t\t\t<span class=\"elementor-button-content-wrapper\">\n\t\t\t\t\t\t<span class=\"elementor-button-icon\">\n\t\t\t\t<svg aria-hidden=\"true\" class=\"e-font-icon-svg e-far-arrow-alt-circle-down\" viewbox=\"0 0 512 512\" xmlns=\"http:\/\/www.w3.org\/2000\/svg\"><path d=\"M256 8C119 8 8 119 8 256s111 248 248 248 248-111 248-248S393 8 256 8zm0 448c-110.5 0-200-89.5-200-200S145.5 56 256 56s200 89.5 200 200-89.5 200-200 200zm-32-316v116h-67c-10.7 0-16 12.9-8.5 20.5l99 99c4.7 4.7 12.3 4.7 17 0l99-99c7.6-7.6 2.2-20.5-8.5-20.5h-67V140c0-6.6-5.4-12-12-12h-40c-6.6 0-12 5.4-12 12z\"><\/path><\/svg>\t\t\t<\/span>\n\t\t\t\t\t\t\t\t\t<span class=\"elementor-button-text\">Hotelaufnahmevertrag <\/span>\n\t\t\t\t\t<\/span>\n\t\t\t\t\t<\/a>\n\t\t\t\t<\/div>\n\t\t\t\t\t\t\t\t<\/div>\n\t\t\t\t<\/div>\n\t\t\t\t<div class=\"elementor-element elementor-element-2b30dc1 elementor-widget elementor-widget-button\" data-id=\"2b30dc1\" data-element_type=\"widget\" data-e-type=\"widget\" data-widget_type=\"button.default\">\n\t\t\t\t<div class=\"elementor-widget-container\">\n\t\t\t\t\t\t\t\t\t<div class=\"elementor-button-wrapper\">\n\t\t\t\t\t<a class=\"elementor-button elementor-button-link elementor-size-sm\" href=\"https:\/\/am-schloss.de\/wp-content\/uploads\/2025\/01\/AGBV-2025.pdf\">\n\t\t\t\t\t\t<span class=\"elementor-button-content-wrapper\">\n\t\t\t\t\t\t<span class=\"elementor-button-icon\">\n\t\t\t\t<svg aria-hidden=\"true\" class=\"e-font-icon-svg e-far-arrow-alt-circle-down\" viewbox=\"0 0 512 512\" xmlns=\"http:\/\/www.w3.org\/2000\/svg\"><path d=\"M256 8C119 8 8 119 8 256s111 248 248 248 248-111 248-248S393 8 256 8zm0 448c-110.5 0-200-89.5-200-200S145.5 56 256 56s200 89.5 200 200-89.5 200-200 200zm-32-316v116h-67c-10.7 0-16 12.9-8.5 20.5l99 99c4.7 4.7 12.3 4.7 17 0l99-99c7.6-7.6 2.2-20.5-8.5-20.5h-67V140c0-6.6-5.4-12-12-12h-40c-6.6 0-12 5.4-12 12z\"><\/path><\/svg>\t\t\t<\/span>\n\t\t\t\t\t\t\t\t\t<span class=\"elementor-button-text\">AGB f\u00fcr Veranstaltungen<\/span>\n\t\t\t\t\t<\/span>\n\t\t\t\t\t<\/a>\n\t\t\t\t<\/div>\n\t\t\t\t\t\t\t\t<\/div>\n\t\t\t\t<\/div>\n\t\t\t\t<div class=\"elementor-element elementor-element-b3e0bf1 elementor-widget elementor-widget-button\" data-id=\"b3e0bf1\" data-element_type=\"widget\" data-e-type=\"widget\" data-widget_type=\"button.default\">\n\t\t\t\t<div class=\"elementor-widget-container\">\n\t\t\t\t\t\t\t\t\t<div class=\"elementor-button-wrapper\">\n\t\t\t\t\t<a class=\"elementor-button elementor-button-link elementor-size-sm\" href=\"https:\/\/am-schloss.de\/wp-content\/uploads\/2025\/01\/AGBP-2025.pdf\">\n\t\t\t\t\t\t<span class=\"elementor-button-content-wrapper\">\n\t\t\t\t\t\t<span class=\"elementor-button-icon\">\n\t\t\t\t<svg aria-hidden=\"true\" class=\"e-font-icon-svg e-far-arrow-alt-circle-down\" viewbox=\"0 0 512 512\" xmlns=\"http:\/\/www.w3.org\/2000\/svg\"><path d=\"M256 8C119 8 8 119 8 256s111 248 248 248 248-111 248-248S393 8 256 8zm0 448c-110.5 0-200-89.5-200-200S145.5 56 256 56s200 89.5 200 200-89.5 200-200 200zm-32-316v116h-67c-10.7 0-16 12.9-8.5 20.5l99 99c4.7 4.7 12.3 4.7 17 0l99-99c7.6-7.6 2.2-20.5-8.5-20.5h-67V140c0-6.6-5.4-12-12-12h-40c-6.6 0-12 5.4-12 12z\"><\/path><\/svg>\t\t\t<\/span>\n\t\t\t\t\t\t\t\t\t<span class=\"elementor-button-text\">AGB F\u00fcr Parkplatz<\/span>\n\t\t\t\t\t<\/span>\n\t\t\t\t\t<\/a>\n\t\t\t\t<\/div>\n\t\t\t\t\t\t\t\t<\/div>\n\t\t\t\t<\/div>\n\t\t\t\t\t<\/div>\n\t\t\t\t<\/div>\n\t\t\t\t<\/div>","protected":false},"excerpt":{"rendered":"<p>Allgemeine Gesch\u00e4ftsbedingungen (AGBH) Partnerschaft braucht faire Regeln AGBs, damit wir uns gut verstehen&#8230; bitten wir Sie, folgende AGB&#8217;s zu beachten: Eine Stornierung muss bitte schriftlich erfolgen Stornobedingungen f\u00fcr Einzelreisende &#8211; gilt f\u00fcr Buchungen bis 3 Zimmer bis 3 Tage vor Anreise &#8211; Keine Kosten und\u00a0 bis 7 Tage vor Anreise &#8211; Keine Kosten zu N\u00fcrnberger [&hellip;]<\/p>\n","protected":false},"author":1,"featured_media":0,"parent":0,"menu_order":12,"comment_status":"closed","ping_status":"closed","template":"","meta":{"footnotes":""},"class_list":["post-5000","page","type-page","status-publish","hentry"],"_links":{"self":[{"href":"https:\/\/am-schloss.de\/en\/wp-json\/wp\/v2\/pages\/5000","targetHints":{"allow":["GET"]}}],"collection":[{"href":"https:\/\/am-schloss.de\/en\/wp-json\/wp\/v2\/pages"}],"about":[{"href":"https:\/\/am-schloss.de\/en\/wp-json\/wp\/v2\/types\/page"}],"author":[{"embeddable":true,"href":"https:\/\/am-schloss.de\/en\/wp-json\/wp\/v2\/users\/1"}],"replies":[{"embeddable":true,"href":"https:\/\/am-schloss.de\/en\/wp-json\/wp\/v2\/comments?post=5000"}],"version-history":[{"count":92,"href":"https:\/\/am-schloss.de\/en\/wp-json\/wp\/v2\/pages\/5000\/revisions"}],"predecessor-version":[{"id":8489,"href":"https:\/\/am-schloss.de\/en\/wp-json\/wp\/v2\/pages\/5000\/revisions\/8489"}],"wp:attachment":[{"href":"https:\/\/am-schloss.de\/en\/wp-json\/wp\/v2\/media?parent=5000"}],"curies":[{"name":"wp","href":"https:\/\/api.w.org\/{rel}","templated":true}]}}