{"id":6060,"date":"2024-09-04T12:33:13","date_gmt":"2024-09-04T12:33:13","guid":{"rendered":"https:\/\/am-schloss.de\/?page_id=6060"},"modified":"2025-12-27T12:04:49","modified_gmt":"2025-12-27T12:04:49","slug":"gutscheine","status":"publish","type":"page","link":"https:\/\/am-schloss.de\/en\/gutscheine\/","title":{"rendered":"Gutscheine"},"content":{"rendered":"\t\t<div data-elementor-type=\"wp-page\" data-elementor-id=\"6060\" class=\"elementor elementor-6060\" data-elementor-post-type=\"page\">\n\t\t\t\t<div class=\"elementor-element elementor-element-1aac1f7 e-flex e-con-boxed e-con e-parent\" data-id=\"1aac1f7\" data-element_type=\"container\" data-e-type=\"container\" data-settings=\"{&quot;background_background&quot;:&quot;slideshow&quot;,&quot;background_slideshow_gallery&quot;:[],&quot;background_slideshow_loop&quot;:&quot;yes&quot;,&quot;background_slideshow_slide_duration&quot;:5000,&quot;background_slideshow_slide_transition&quot;:&quot;fade&quot;,&quot;background_slideshow_transition_duration&quot;:500}\">\n\t\t\t\t\t<div class=\"e-con-inner\">\n\t\t\t\t<div class=\"elementor-element elementor-element-677f082 elementor-widget__width-initial elementor-widget elementor-widget-heading\" data-id=\"677f082\" data-element_type=\"widget\" data-e-type=\"widget\" data-widget_type=\"heading.default\">\n\t\t\t\t<div class=\"elementor-widget-container\">\n\t\t\t\t\t<h2 class=\"elementor-heading-title elementor-size-default\">WErtGutscheine bequem online\nzum Ausdrucken oder per Post<\/h2>\t\t\t\t<\/div>\n\t\t\t\t<\/div>\n\t\t\t\t<div class=\"elementor-element elementor-element-b416f30 elementor-widget__width-initial elementor-widget elementor-widget-text-editor\" data-id=\"b416f30\" data-element_type=\"widget\" data-e-type=\"widget\" data-widget_type=\"text-editor.default\">\n\t\t\t\t<div class=\"elementor-widget-container\">\n\t\t\t\t\t\t\t\t\t<p><strong>Ihre Vorteile:<\/strong><\/p><ul><li>Ein Wertguschein kann vollst\u00e4ndig oder auf mehreren Etappen eingel\u00f6st werden.<\/li><li>Sie bezahlen per PayPal und erhalten Ihren Gutschein sofort per eMail<\/li><\/ul><p><strong>Und so einfach geht`s:<\/strong><\/p><p>Sie k\u00f6nnen in nur 2 Minuten Ihren Gutschein bestellen und selber ausdrucken oder online versenden, versandkostenfrei per Mail.<\/p><p><strong>1. Ausw\u00e4hlen<\/strong><\/p><p>W\u00e4hlen Sie Ihren <strong>Wertgutschein<\/strong> aus und legen Sie diesen in den Warenkorb!<\/p><p><strong>2. Kontaktdaten<\/strong><\/p><p>Geben Sie Ihre <strong>Kontaktdaten<\/strong> ein und w\u00e4hlen Sie die gew\u00fcnschte <strong>Zahlungsart per PayPal.<\/strong><strong><br \/><\/strong><\/p><p><strong>3. Bestellung<\/strong><\/p><p>Sie bekommen den Gutschein innerhalb k\u00fcrzester Zeit <strong>per E-Mail<\/strong> als pdf-Datei zum Ausdrucken zugesendet oder auf Wunsch <strong>per Post<\/strong> (zzgl. 2 Euro Versand bitte <strong>anklicken<\/strong>) und k\u00f6nnen <strong>gleich schenken!<\/strong><\/p><p><strong>Wie kann ich meinen Gutschein bezahlen?<\/strong><\/p><p>Per PayPal!<\/p><p>M\u00f6chten Sie \u00fcberweisen, dann rufen Sie uns doch einfach an oder schreiben uns eine Email.<\/p><p>Gerne schicken wir den <strong>Gutschein<\/strong> auch <strong>postalisch<\/strong> samt Rechnung zu.\u00a0Senden Sie uns hierzu einfach eine kurze Email mit dem Wunschbetrag und ihrer Adresse an unsere Email s. u.<\/p><p><strong>Gutscheinabholung<\/strong> jederzeit zu unseren \u00d6ffnungszeiten von Mittwoch-Sonntag von 10-20 Uhr im HG Am Schloss an der Rezeption abholbar.<\/p><p>Vielen Dank f\u00fcr Ihre Bestellung!<\/p><div>Bei <strong>Fragen oder Problemen<\/strong> erreichen Sie uns <strong>telefonisch<\/strong> von Mittwoch bis Sonntag unter: 09181 510600<strong>\u00a0oder per Email: <\/strong>info@am-schloss.de<\/div><div>\u00a0<\/div><div><strong>Hinweis:<\/strong> Alle Gutscheine sind ab Kaufdatum drei Jahre g\u00fcltig.\u00a0<\/div><div>\u00a0<\/div>\t\t\t\t\t\t\t\t<\/div>\n\t\t\t\t<\/div>\n\t\t\t\t<div class=\"woocommerce elementor-element elementor-element-b2d2c47 elementor-grid-3 elementor-grid-tablet-2 elementor-grid-mobile-1 elementor-widget elementor-widget-loop-grid\" data-id=\"b2d2c47\" data-element_type=\"widget\" data-e-type=\"widget\" data-settings=\"{&quot;_skin&quot;:&quot;product&quot;,&quot;template_id&quot;:&quot;6349&quot;,&quot;columns&quot;:&quot;3&quot;,&quot;columns_tablet&quot;:&quot;2&quot;,&quot;columns_mobile&quot;:&quot;1&quot;,&quot;edit_handle_selector&quot;:&quot;[data-elementor-type=\\&quot;loop-item\\&quot;]&quot;,&quot;row_gap&quot;:{&quot;unit&quot;:&quot;px&quot;,&quot;size&quot;:&quot;&quot;,&quot;sizes&quot;:[]},&quot;row_gap_tablet&quot;:{&quot;unit&quot;:&quot;px&quot;,&quot;size&quot;:&quot;&quot;,&quot;sizes&quot;:[]},&quot;row_gap_mobile&quot;:{&quot;unit&quot;:&quot;px&quot;,&quot;size&quot;:&quot;&quot;,&quot;sizes&quot;:[]}}\" data-widget_type=\"loop-grid.product\">\n\t\t\t\t<div class=\"elementor-widget-container\">\n\t\t\t\t\t\t\t<div class=\"elementor-loop-container elementor-grid\" role=\"list\">\n\t\t<style id=\"loop-6349\">.elementor-6349 .elementor-element.elementor-element-228fd91{--display:flex;--gap:0px 0px;--row-gap:0px;--column-gap:0px;--border-radius:10px 10px 10px 10px;box-shadow:0px 5px 30px -10px rgba(0, 0, 0, 0.15);--margin-top:0px;--margin-bottom:0px;--margin-left:0px;--margin-right:0px;--padding-top:45px;--padding-bottom:45px;--padding-left:40px;--padding-right:40px;}.elementor-6349 .elementor-element.elementor-element-228fd91:not(.elementor-motion-effects-element-type-background), .elementor-6349 .elementor-element.elementor-element-228fd91 > .elementor-motion-effects-container > .elementor-motion-effects-layer{background-color:#B690382E;}.elementor-widget-heading .elementor-heading-title{font-family:var( --e-global-typography-primary-font-family ), Sans-serif;font-weight:var( --e-global-typography-primary-font-weight );color:var( --e-global-color-primary );}.elementor-6349 .elementor-element.elementor-element-a2631f6 .elementor-heading-title{font-family:\"Montserrat\", Sans-serif;font-size:32px;font-weight:600;color:#3D3D3D;}.woocommerce .elementor-6349 .elementor-element.elementor-element-1f02ca2 .woocommerce-product-details__short-description{font-family:\"Bricolage Grotesque\", Sans-serif;font-size:18px;line-height:1.6em;}.elementor-6349 .elementor-element.elementor-element-1f02ca2 > .elementor-widget-container{margin:0px 0px 0px 0px;padding:10px 0px 0px 0px;}.elementor-widget-woocommerce-product-add-to-cart .added_to_cart{font-family:var( --e-global-typography-accent-font-family ), Sans-serif;font-weight:var( --e-global-typography-accent-font-weight );}.elementor-6349 .elementor-element.elementor-element-d2ebf50 .cart button, .elementor-6349 .elementor-element.elementor-element-d2ebf50 .cart .button{font-family:\"Montserrat\", Sans-serif;font-size:16px;font-weight:400;text-transform:uppercase;border-radius:10px 10px 10px 10px;padding:12px 30px 12px 30px;color:#FFFFFF;background-color:#785F50;transition:all 0.5s;}.elementor-6349 .elementor-element.elementor-element-d2ebf50 .cart button:hover, .elementor-6349 .elementor-element.elementor-element-d2ebf50 .cart .button:hover{color:#FFFFFF;background-color:#584438;}.elementor-6349 .elementor-element.elementor-element-d2ebf50 > .elementor-widget-container{margin:012px 0px 0px 0px;padding:0px 0px 0px 0px;box-shadow:0px 5px 20px 0px rgba(0, 0, 0, 0.2);}.elementor-6349 .elementor-element.elementor-element-d2ebf50.elementor-element{--align-self:flex-start;}@media(max-width:767px){.elementor-6349 .elementor-element.elementor-element-d2ebf50 > .elementor-widget-container{padding:0px 0px 0px 0px;}}@media(min-width:768px){.elementor-6349 .elementor-element.elementor-element-228fd91{--width:400px;}}@media(max-width:1024px) and (min-width:768px){.elementor-6349 .elementor-element.elementor-element-228fd91{--width:100%;}}\/* Start custom CSS for container, class: .elementor-element-228fd91 *\/.elementor-6349 .elementor-element.elementor-element-228fd91 {\n    backdrop-filter: blur(10px);\n}\/* End custom CSS *\/<\/style>\t\t<div data-elementor-type=\"loop-item\" data-elementor-id=\"6349\" class=\"elementor elementor-6349 e-loop-item e-loop-item-6348 post-6348 product type-product status-publish product_cat-unkategorisiert first instock downloadable taxable shipping-taxable purchasable product-type-simple\" data-elementor-post-type=\"elementor_library\" data-custom-edit-handle=\"1\">\n\t\t\t<div class=\"elementor-element elementor-element-228fd91 e-con-full e-flex e-con e-parent\" data-id=\"228fd91\" data-element_type=\"container\" data-e-type=\"container\" data-settings=\"{&quot;background_background&quot;:&quot;classic&quot;}\">\n\t\t\t\t<div class=\"elementor-element elementor-element-a2631f6 elementor-widget elementor-widget-heading\" data-id=\"a2631f6\" data-element_type=\"widget\" data-e-type=\"widget\" data-widget_type=\"heading.default\">\n\t\t\t\t<div class=\"elementor-widget-container\">\n\t\t\t\t\t<div class=\"elementor-heading-title elementor-size-default\">20\u20ac Gutschein<\/div>\t\t\t\t<\/div>\n\t\t\t\t<\/div>\n\t\t\t\t<div class=\"elementor-element elementor-element-1f02ca2 elementor-widget elementor-widget-woocommerce-product-short-description\" data-id=\"1f02ca2\" data-element_type=\"widget\" data-e-type=\"widget\" data-widget_type=\"woocommerce-product-short-description.default\">\n\t\t\t\t<div class=\"elementor-widget-container\">\n\t\t\t\t\t<div class=\"woocommerce-product-details__short-description\">\n\t<p>Verschenken Sie Freude oder g\u00f6nnen Sie sich selbst etwas Gutes! Mit diesem Gutschein k\u00f6nnen Sie in unserem Restaurant oder Hotel unvergessliche Erlebnisse genie\u00dfen.<\/p>\n<\/div>\n\t\t\t\t<\/div>\n\t\t\t\t<\/div>\n\t\t\t\t<div class=\"elementor-element elementor-element-d2ebf50 elementor-widget elementor-widget-woocommerce-product-add-to-cart\" data-id=\"d2ebf50\" data-element_type=\"widget\" data-e-type=\"widget\" data-widget_type=\"woocommerce-product-add-to-cart.default\">\n\t\t\t\t<div class=\"elementor-widget-container\">\n\t\t\t\t\t\n\t\t<div class=\"elementor-add-to-cart elementor-product-simple\">\n\t\t\t\t\t<div class=\"e-loop-add-to-cart-form-container\">\n\t\t\t<form class=\"cart e-loop-add-to-cart-form\">\n\t\t\t\t<a href=\"\/en\/wp-json\/wp\/v2\/pages\/6060?add-to-cart=6348\" aria-describedby=\"woocommerce_loop_add_to_cart_link_describedby_6348\" data-quantity=\"1\" class=\"button product_type_simple add_to_cart_button ajax_add_to_cart\" data-product_id=\"6348\" data-product_sku=\"\" aria-label=\"Add to cart: &ldquo;20\u20ac Gutschein&rdquo;\" rel=\"nofollow\" data-success_message=\"&ldquo;20\u20ac Gutschein&rdquo; has been added to your cart\">Kaufen<\/a>\t<span id=\"woocommerce_loop_add_to_cart_link_describedby_6348\" class=\"screen-reader-text\">\n\t\t\t<\/span>\n\t\t\t<\/form>\n\t\t<\/div>\n\t\t\t\t<\/div>\n\n\t\t\t\t\t\t<\/div>\n\t\t\t\t<\/div>\n\t\t\t\t<\/div>\n\t\t\t\t<\/div>\n\t\t\t\t<div data-elementor-type=\"loop-item\" data-elementor-id=\"6349\" class=\"elementor elementor-6349 e-loop-item e-loop-item-6059 post-6059 product type-product status-publish product_cat-unkategorisiert  instock downloadable taxable shipping-taxable purchasable product-type-simple\" data-elementor-post-type=\"elementor_library\" data-custom-edit-handle=\"1\">\n\t\t\t<div class=\"elementor-element elementor-element-228fd91 e-con-full e-flex e-con e-parent\" data-id=\"228fd91\" data-element_type=\"container\" data-e-type=\"container\" data-settings=\"{&quot;background_background&quot;:&quot;classic&quot;}\">\n\t\t\t\t<div class=\"elementor-element elementor-element-a2631f6 elementor-widget elementor-widget-heading\" data-id=\"a2631f6\" data-element_type=\"widget\" data-e-type=\"widget\" data-widget_type=\"heading.default\">\n\t\t\t\t<div class=\"elementor-widget-container\">\n\t\t\t\t\t<div class=\"elementor-heading-title elementor-size-default\">25\u20ac Gutschein<\/div>\t\t\t\t<\/div>\n\t\t\t\t<\/div>\n\t\t\t\t<div class=\"elementor-element elementor-element-1f02ca2 elementor-widget elementor-widget-woocommerce-product-short-description\" data-id=\"1f02ca2\" data-element_type=\"widget\" data-e-type=\"widget\" data-widget_type=\"woocommerce-product-short-description.default\">\n\t\t\t\t<div class=\"elementor-widget-container\">\n\t\t\t\t\t<div class=\"woocommerce-product-details__short-description\">\n\t<p>Verschenken Sie Freude oder g\u00f6nnen Sie sich selbst etwas Gutes! Mit diesem Gutschein k\u00f6nnen Sie in unserem Restaurant oder Hotel unvergessliche Erlebnisse genie\u00dfen.<\/p>\n<\/div>\n\t\t\t\t<\/div>\n\t\t\t\t<\/div>\n\t\t\t\t<div class=\"elementor-element elementor-element-d2ebf50 elementor-widget elementor-widget-woocommerce-product-add-to-cart\" data-id=\"d2ebf50\" data-element_type=\"widget\" data-e-type=\"widget\" data-widget_type=\"woocommerce-product-add-to-cart.default\">\n\t\t\t\t<div class=\"elementor-widget-container\">\n\t\t\t\t\t\n\t\t<div class=\"elementor-add-to-cart elementor-product-simple\">\n\t\t\t\t\t<div class=\"e-loop-add-to-cart-form-container\">\n\t\t\t<form class=\"cart e-loop-add-to-cart-form\">\n\t\t\t\t<a href=\"\/en\/wp-json\/wp\/v2\/pages\/6060?add-to-cart=6059\" aria-describedby=\"woocommerce_loop_add_to_cart_link_describedby_6059\" data-quantity=\"1\" class=\"button product_type_simple add_to_cart_button ajax_add_to_cart\" data-product_id=\"6059\" data-product_sku=\"\" aria-label=\"Add to cart: &ldquo;25\u20ac Gutschein&rdquo;\" rel=\"nofollow\" data-success_message=\"&ldquo;25\u20ac Gutschein&rdquo; has been added to your cart\">Kaufen<\/a>\t<span id=\"woocommerce_loop_add_to_cart_link_describedby_6059\" class=\"screen-reader-text\">\n\t\t\t<\/span>\n\t\t\t<\/form>\n\t\t<\/div>\n\t\t\t\t<\/div>\n\n\t\t\t\t\t\t<\/div>\n\t\t\t\t<\/div>\n\t\t\t\t<\/div>\n\t\t\t\t<\/div>\n\t\t\t\t<div data-elementor-type=\"loop-item\" data-elementor-id=\"6349\" class=\"elementor elementor-6349 e-loop-item e-loop-item-6334 post-6334 product type-product status-publish product_cat-unkategorisiert  instock downloadable taxable shipping-taxable purchasable product-type-simple\" data-elementor-post-type=\"elementor_library\" data-custom-edit-handle=\"1\">\n\t\t\t<div class=\"elementor-element elementor-element-228fd91 e-con-full e-flex e-con e-parent\" data-id=\"228fd91\" data-element_type=\"container\" data-e-type=\"container\" data-settings=\"{&quot;background_background&quot;:&quot;classic&quot;}\">\n\t\t\t\t<div class=\"elementor-element elementor-element-a2631f6 elementor-widget elementor-widget-heading\" data-id=\"a2631f6\" data-element_type=\"widget\" data-e-type=\"widget\" data-widget_type=\"heading.default\">\n\t\t\t\t<div class=\"elementor-widget-container\">\n\t\t\t\t\t<div class=\"elementor-heading-title elementor-size-default\">50\u20ac Gutschein<\/div>\t\t\t\t<\/div>\n\t\t\t\t<\/div>\n\t\t\t\t<div class=\"elementor-element elementor-element-1f02ca2 elementor-widget elementor-widget-woocommerce-product-short-description\" data-id=\"1f02ca2\" data-element_type=\"widget\" data-e-type=\"widget\" data-widget_type=\"woocommerce-product-short-description.default\">\n\t\t\t\t<div class=\"elementor-widget-container\">\n\t\t\t\t\t<div class=\"woocommerce-product-details__short-description\">\n\t<p>Verschenken Sie Freude oder g\u00f6nnen Sie sich selbst etwas Gutes! Mit diesem Gutschein k\u00f6nnen Sie in unserem Restaurant oder Hotel unvergessliche Erlebnisse genie\u00dfen.<\/p>\n<\/div>\n\t\t\t\t<\/div>\n\t\t\t\t<\/div>\n\t\t\t\t<div class=\"elementor-element elementor-element-d2ebf50 elementor-widget elementor-widget-woocommerce-product-add-to-cart\" data-id=\"d2ebf50\" data-element_type=\"widget\" data-e-type=\"widget\" data-widget_type=\"woocommerce-product-add-to-cart.default\">\n\t\t\t\t<div class=\"elementor-widget-container\">\n\t\t\t\t\t\n\t\t<div class=\"elementor-add-to-cart elementor-product-simple\">\n\t\t\t\t\t<div class=\"e-loop-add-to-cart-form-container\">\n\t\t\t<form class=\"cart e-loop-add-to-cart-form\">\n\t\t\t\t<a href=\"\/en\/wp-json\/wp\/v2\/pages\/6060?add-to-cart=6334\" aria-describedby=\"woocommerce_loop_add_to_cart_link_describedby_6334\" data-quantity=\"1\" class=\"button product_type_simple add_to_cart_button ajax_add_to_cart\" data-product_id=\"6334\" data-product_sku=\"\" aria-label=\"Add to cart: &ldquo;50\u20ac Gutschein&rdquo;\" rel=\"nofollow\" data-success_message=\"&ldquo;50\u20ac Gutschein&rdquo; has been added to your cart\">Kaufen<\/a>\t<span id=\"woocommerce_loop_add_to_cart_link_describedby_6334\" class=\"screen-reader-text\">\n\t\t\t<\/span>\n\t\t\t<\/form>\n\t\t<\/div>\n\t\t\t\t<\/div>\n\n\t\t\t\t\t\t<\/div>\n\t\t\t\t<\/div>\n\t\t\t\t<\/div>\n\t\t\t\t<\/div>\n\t\t\t\t<\/div>\n\t\t\n\t\t\t\t\t\t<\/div>\n\t\t\t\t<\/div>\n\t\t\t\t\t<\/div>\n\t\t\t\t<\/div>\n\t\t\t\t<\/div>\n\t\t","protected":false},"excerpt":{"rendered":"<p>WErtGutscheine bequem online zum Ausdrucken oder per Post Ihre Vorteile: Ein Wertguschein kann vollst\u00e4ndig oder auf mehreren Etappen eingel\u00f6st werden. Sie bezahlen per PayPal und erhalten Ihren Gutschein sofort per eMail Und so einfach geht`s: Sie k\u00f6nnen in nur 2 Minuten Ihren Gutschein bestellen und selber ausdrucken oder online versenden, versandkostenfrei per Mail. 1. Ausw\u00e4hlen [&hellip;]<\/p>\n","protected":false},"author":1,"featured_media":0,"parent":0,"menu_order":6,"comment_status":"closed","ping_status":"closed","template":"","meta":{"footnotes":""},"class_list":["post-6060","page","type-page","status-publish","hentry"],"_links":{"self":[{"href":"https:\/\/am-schloss.de\/en\/wp-json\/wp\/v2\/pages\/6060","targetHints":{"allow":["GET"]}}],"collection":[{"href":"https:\/\/am-schloss.de\/en\/wp-json\/wp\/v2\/pages"}],"about":[{"href":"https:\/\/am-schloss.de\/en\/wp-json\/wp\/v2\/types\/page"}],"author":[{"embeddable":true,"href":"https:\/\/am-schloss.de\/en\/wp-json\/wp\/v2\/users\/1"}],"replies":[{"embeddable":true,"href":"https:\/\/am-schloss.de\/en\/wp-json\/wp\/v2\/comments?post=6060"}],"version-history":[{"count":109,"href":"https:\/\/am-schloss.de\/en\/wp-json\/wp\/v2\/pages\/6060\/revisions"}],"predecessor-version":[{"id":8127,"href":"https:\/\/am-schloss.de\/en\/wp-json\/wp\/v2\/pages\/6060\/revisions\/8127"}],"wp:attachment":[{"href":"https:\/\/am-schloss.de\/en\/wp-json\/wp\/v2\/media?parent=6060"}],"curies":[{"name":"wp","href":"https:\/\/api.w.org\/{rel}","templated":true}]}}